{"id":1073,"date":"2025-11-27T01:08:17","date_gmt":"2025-11-27T01:08:17","guid":{"rendered":"https:\/\/casaouart.com\/product\/petite-pierre-leather-bag\/"},"modified":"2026-01-27T01:55:29","modified_gmt":"2026-01-27T01:55:29","slug":"petite-pierre-leather-bag","status":"publish","type":"product","link":"https:\/\/casaouart.com\/en\/product\/petite-pierre-leather-bag\/","title":{"rendered":"PETITE PIERRE LEATHER BAG"},"content":{"rendered":"","protected":false},"excerpt":{"rendered":"<p>Inspirado en el dise\u00f1ador de interiores franc\u00e9s de los a\u00f1os 70 y 80, Pierre Paulin, y sus ic\u00f3nicas &#8220;Pumpkins&#8221;, nuestro bolso Pierre adopta la forma de un asim\u00e9trico \u201cCanap\u00e9 Alpha\u201d, como el dise\u00f1ador franc\u00e9s llam\u00f3 a su imprescindible sof\u00e1. Es atemporal y perfecto para cualquier ocasi\u00f3n.<\/p>\n<p>\u2022 Profundidad: 4 cm<br \/>\n\u2022 Asa: 9 cm<br \/>\n\u2022 Altura: 12 cm<br \/>\n\u2022 Ancho: 22 cm<br \/>\n\u2022 Correa removible: 52 cm<br \/>\n\u2022 1 compartimento interior para tarjetas<br \/>\n\u2022 Incluye bolsa protectora<br \/>\n\u2022 ELABORADO EN COLOMBIA<\/p>","protected":false},"featured_media":2543,"comment_status":"open","ping_status":"closed","template":"","meta":[],"product_brand":[],"product_cat":[46,267],"product_tag":[],"class_list":{"0":"post-1073","1":"product","2":"type-product","3":"status-publish","4":"has-post-thumbnail","6":"product_cat-accesorios","7":"product_cat-bolsos-y-carteras","9":"first","10":"instock","11":"shipping-taxable","12":"purchasable","13":"product-type-variable"},"_links":{"self":[{"href":"https:\/\/casaouart.com\/en\/wp-json\/wp\/v2\/product\/1073","targetHints":{"allow":["GET"]}}],"collection":[{"href":"https:\/\/casaouart.com\/en\/wp-json\/wp\/v2\/product"}],"about":[{"href":"https:\/\/casaouart.com\/en\/wp-json\/wp\/v2\/types\/product"}],"replies":[{"embeddable":true,"href":"https:\/\/casaouart.com\/en\/wp-json\/wp\/v2\/comments?post=1073"}],"wp:featuredmedia":[{"embeddable":true,"href":"https:\/\/casaouart.com\/en\/wp-json\/wp\/v2\/media\/2543"}],"wp:attachment":[{"href":"https:\/\/casaouart.com\/en\/wp-json\/wp\/v2\/media?parent=1073"}],"wp:term":[{"taxonomy":"product_brand","embeddable":true,"href":"https:\/\/casaouart.com\/en\/wp-json\/wp\/v2\/product_brand?post=1073"},{"taxonomy":"product_cat","embeddable":true,"href":"https:\/\/casaouart.com\/en\/wp-json\/wp\/v2\/product_cat?post=1073"},{"taxonomy":"product_tag","embeddable":true,"href":"https:\/\/casaouart.com\/en\/wp-json\/wp\/v2\/product_tag?post=1073"}],"curies":[{"name":"wp","href":"https:\/\/api.w.org\/{rel}","templated":true}]}}