{"id":1080,"date":"2025-11-27T01:30:08","date_gmt":"2025-11-27T01:30:08","guid":{"rendered":"https:\/\/casaouart.com\/product\/cannoli-m-leather-bag\/"},"modified":"2026-01-27T01:55:32","modified_gmt":"2026-01-27T01:55:32","slug":"cannoli-m-leather-bag","status":"publish","type":"product","link":"https:\/\/casaouart.com\/en\/product\/cannoli-m-leather-bag\/","title":{"rendered":"CANNOLI M LEATHER BAG"},"content":{"rendered":"","protected":false},"excerpt":{"rendered":"<p>Inspirada en el irresistible encanto de un cannoli y la esencia din\u00e1mica del verano italiano, nuestra bolsa Cannoli representa una fusi\u00f3n de sabores exquisitos y una funcionalidad vers\u00e1til.<\/p>\n<p>\u2022 Profundidad: 8 cm<br \/>\n\u2022 Asa: 20 cm<br \/>\n\u2022 Altura: 13 cm<br \/>\n\u2022 Ancho: 34 cm<br \/>\n\u2022 1 compartimento interior para tarjetas<br \/>\n\u2022 Incluye bolsa protectora<br \/>\n\u2022 ELABORADO EN COLOMBIA<\/p>","protected":false},"featured_media":2508,"comment_status":"open","ping_status":"closed","template":"","meta":[],"product_brand":[],"product_cat":[46,267],"product_tag":[],"class_list":{"0":"post-1080","1":"product","2":"type-product","3":"status-publish","4":"has-post-thumbnail","6":"product_cat-accesorios","7":"product_cat-bolsos-y-carteras","9":"first","10":"instock","11":"shipping-taxable","12":"purchasable","13":"product-type-variable"},"_links":{"self":[{"href":"https:\/\/casaouart.com\/en\/wp-json\/wp\/v2\/product\/1080","targetHints":{"allow":["GET"]}}],"collection":[{"href":"https:\/\/casaouart.com\/en\/wp-json\/wp\/v2\/product"}],"about":[{"href":"https:\/\/casaouart.com\/en\/wp-json\/wp\/v2\/types\/product"}],"replies":[{"embeddable":true,"href":"https:\/\/casaouart.com\/en\/wp-json\/wp\/v2\/comments?post=1080"}],"wp:featuredmedia":[{"embeddable":true,"href":"https:\/\/casaouart.com\/en\/wp-json\/wp\/v2\/media\/2508"}],"wp:attachment":[{"href":"https:\/\/casaouart.com\/en\/wp-json\/wp\/v2\/media?parent=1080"}],"wp:term":[{"taxonomy":"product_brand","embeddable":true,"href":"https:\/\/casaouart.com\/en\/wp-json\/wp\/v2\/product_brand?post=1080"},{"taxonomy":"product_cat","embeddable":true,"href":"https:\/\/casaouart.com\/en\/wp-json\/wp\/v2\/product_cat?post=1080"},{"taxonomy":"product_tag","embeddable":true,"href":"https:\/\/casaouart.com\/en\/wp-json\/wp\/v2\/product_tag?post=1080"}],"curies":[{"name":"wp","href":"https:\/\/api.w.org\/{rel}","templated":true}]}}