{"id":1097,"date":"2025-11-27T01:33:13","date_gmt":"2025-11-27T01:33:13","guid":{"rendered":"https:\/\/casaouart.com\/product\/guante-aplicador\/"},"modified":"2026-01-28T02:38:22","modified_gmt":"2026-01-28T02:38:22","slug":"guante-aplicador","status":"publish","type":"product","link":"https:\/\/casaouart.com\/en\/product\/guante-aplicador\/","title":{"rendered":"GUANTE APLICADOR"},"content":{"rendered":"","protected":false},"excerpt":{"rendered":"<p>Reusable self tan Application mitt<br \/>\nLogra una aplicaci\u00f3n de tu Sunless Tanning Mousse uniforme y sin rayas con nuestro guante especializado. Difumina y distribuye el autobronceador de manera m\u00e1s f\u00e1cil para obtener el color perfecto.<br \/>\nLo puedes usar en la direcci\u00f3n que desees (lineal o circular) ya que gracias a su suave textura este siempre difuminar\u00e1 de manera uniforme sin importar la direcci\u00f3n.<\/p>","protected":false},"featured_media":2646,"comment_status":"open","ping_status":"closed","template":"","meta":[],"product_brand":[],"product_cat":[47],"product_tag":[],"class_list":{"0":"post-1097","1":"product","2":"type-product","3":"status-publish","4":"has-post-thumbnail","6":"product_cat-belleza","8":"first","9":"instock","10":"shipping-taxable","11":"purchasable","12":"product-type-simple"},"_links":{"self":[{"href":"https:\/\/casaouart.com\/en\/wp-json\/wp\/v2\/product\/1097","targetHints":{"allow":["GET"]}}],"collection":[{"href":"https:\/\/casaouart.com\/en\/wp-json\/wp\/v2\/product"}],"about":[{"href":"https:\/\/casaouart.com\/en\/wp-json\/wp\/v2\/types\/product"}],"replies":[{"embeddable":true,"href":"https:\/\/casaouart.com\/en\/wp-json\/wp\/v2\/comments?post=1097"}],"wp:featuredmedia":[{"embeddable":true,"href":"https:\/\/casaouart.com\/en\/wp-json\/wp\/v2\/media\/2646"}],"wp:attachment":[{"href":"https:\/\/casaouart.com\/en\/wp-json\/wp\/v2\/media?parent=1097"}],"wp:term":[{"taxonomy":"product_brand","embeddable":true,"href":"https:\/\/casaouart.com\/en\/wp-json\/wp\/v2\/product_brand?post=1097"},{"taxonomy":"product_cat","embeddable":true,"href":"https:\/\/casaouart.com\/en\/wp-json\/wp\/v2\/product_cat?post=1097"},{"taxonomy":"product_tag","embeddable":true,"href":"https:\/\/casaouart.com\/en\/wp-json\/wp\/v2\/product_tag?post=1097"}],"curies":[{"name":"wp","href":"https:\/\/api.w.org\/{rel}","templated":true}]}}