{"id":1098,"date":"2025-11-27T01:30:13","date_gmt":"2025-11-27T01:30:13","guid":{"rendered":"https:\/\/casaouart.com\/product\/im-pretty\/"},"modified":"2026-01-27T01:53:16","modified_gmt":"2026-01-27T01:53:16","slug":"im-pretty","status":"publish","type":"product","link":"https:\/\/casaouart.com\/en\/product\/im-pretty\/","title":{"rendered":"I&#8217;M PRETTY"},"content":{"rendered":"","protected":false},"excerpt":{"rendered":"<p>exclusivo exfoliante, una mezcla excepcional de ingredientes de lujo para transformar tu piel. Su f\u00f3rmula enriquecida con extracto de sand\u00eda, miel, fresa, aloe vera, agua de rosas y \u00e1cido hialur\u00f3nico, ayuda a purificar, remover suavemente las c\u00e9lulas muertas, eliminar impurezas y refinar el aspecto de la piel con el poder exfoliante de las finas part\u00edculas delicadamente molidas de semillas de albaricoque, pasiflora y arroz brindando una exfoliaci\u00f3n extra-suave, delicada y efectiva.<\/p>","protected":false},"featured_media":2388,"comment_status":"open","ping_status":"closed","template":"","meta":[],"product_brand":[],"product_cat":[47,256],"product_tag":[],"class_list":{"0":"post-1098","1":"product","2":"type-product","3":"status-publish","4":"has-post-thumbnail","6":"product_cat-belleza","7":"product_cat-cuidado-de-piel","9":"first","10":"instock","11":"shipping-taxable","12":"purchasable","13":"product-type-simple"},"_links":{"self":[{"href":"https:\/\/casaouart.com\/en\/wp-json\/wp\/v2\/product\/1098","targetHints":{"allow":["GET"]}}],"collection":[{"href":"https:\/\/casaouart.com\/en\/wp-json\/wp\/v2\/product"}],"about":[{"href":"https:\/\/casaouart.com\/en\/wp-json\/wp\/v2\/types\/product"}],"replies":[{"embeddable":true,"href":"https:\/\/casaouart.com\/en\/wp-json\/wp\/v2\/comments?post=1098"}],"wp:featuredmedia":[{"embeddable":true,"href":"https:\/\/casaouart.com\/en\/wp-json\/wp\/v2\/media\/2388"}],"wp:attachment":[{"href":"https:\/\/casaouart.com\/en\/wp-json\/wp\/v2\/media?parent=1098"}],"wp:term":[{"taxonomy":"product_brand","embeddable":true,"href":"https:\/\/casaouart.com\/en\/wp-json\/wp\/v2\/product_brand?post=1098"},{"taxonomy":"product_cat","embeddable":true,"href":"https:\/\/casaouart.com\/en\/wp-json\/wp\/v2\/product_cat?post=1098"},{"taxonomy":"product_tag","embeddable":true,"href":"https:\/\/casaouart.com\/en\/wp-json\/wp\/v2\/product_tag?post=1098"}],"curies":[{"name":"wp","href":"https:\/\/api.w.org\/{rel}","templated":true}]}}