{"id":1099,"date":"2025-11-27T01:30:14","date_gmt":"2025-11-27T01:30:14","guid":{"rendered":"https:\/\/casaouart.com\/product\/get-glowy\/"},"modified":"2026-01-27T01:53:16","modified_gmt":"2026-01-27T01:53:16","slug":"get-glowy","status":"publish","type":"product","link":"https:\/\/casaouart.com\/en\/product\/get-glowy\/","title":{"rendered":"GET GLOWY"},"content":{"rendered":"","protected":false},"excerpt":{"rendered":"<p>mascarilla de oro, su f\u00f3rmula \u00fanica est\u00e1 dise\u00f1ada para brindar una oleada de hidrataci\u00f3n y luminosidad al instante, enriquecida con extracto natural de portulaca, agua de coco, avena, beta\u00edna, col\u00e1geno marino y \u00e1cido hialur\u00f3nico, ofrece una inyecci\u00f3n intensiva de hidrataci\u00f3n que transforma instant\u00e1neamente la piel.<\/p>","protected":false},"featured_media":2384,"comment_status":"open","ping_status":"closed","template":"","meta":[],"product_brand":[],"product_cat":[47,256],"product_tag":[],"class_list":{"0":"post-1099","1":"product","2":"type-product","3":"status-publish","4":"has-post-thumbnail","6":"product_cat-belleza","7":"product_cat-cuidado-de-piel","9":"first","10":"instock","11":"shipping-taxable","12":"purchasable","13":"product-type-simple"},"_links":{"self":[{"href":"https:\/\/casaouart.com\/en\/wp-json\/wp\/v2\/product\/1099","targetHints":{"allow":["GET"]}}],"collection":[{"href":"https:\/\/casaouart.com\/en\/wp-json\/wp\/v2\/product"}],"about":[{"href":"https:\/\/casaouart.com\/en\/wp-json\/wp\/v2\/types\/product"}],"replies":[{"embeddable":true,"href":"https:\/\/casaouart.com\/en\/wp-json\/wp\/v2\/comments?post=1099"}],"wp:featuredmedia":[{"embeddable":true,"href":"https:\/\/casaouart.com\/en\/wp-json\/wp\/v2\/media\/2384"}],"wp:attachment":[{"href":"https:\/\/casaouart.com\/en\/wp-json\/wp\/v2\/media?parent=1099"}],"wp:term":[{"taxonomy":"product_brand","embeddable":true,"href":"https:\/\/casaouart.com\/en\/wp-json\/wp\/v2\/product_brand?post=1099"},{"taxonomy":"product_cat","embeddable":true,"href":"https:\/\/casaouart.com\/en\/wp-json\/wp\/v2\/product_cat?post=1099"},{"taxonomy":"product_tag","embeddable":true,"href":"https:\/\/casaouart.com\/en\/wp-json\/wp\/v2\/product_tag?post=1099"}],"curies":[{"name":"wp","href":"https:\/\/api.w.org\/{rel}","templated":true}]}}