{"id":1102,"date":"2025-11-27T01:30:14","date_gmt":"2025-11-27T01:30:14","guid":{"rendered":"https:\/\/casaouart.com\/product\/evolve-me\/"},"modified":"2026-01-27T01:53:18","modified_gmt":"2026-01-27T01:53:18","slug":"evolve-me","status":"publish","type":"product","link":"https:\/\/casaouart.com\/en\/product\/evolve-me\/","title":{"rendered":"EVOLVE ME"},"content":{"rendered":"","protected":false},"excerpt":{"rendered":"<p>el serum ideal para preparar la piel. Contiene una alta concentraci\u00f3n de niacinamida al 10% y extracto de miel que act\u00faa como antioxidante, ayudando a reparar los da\u00f1os causados en nuestra piel.<\/p>\n<p>Nuestro serum est\u00e1 formulado con extractos naturales y propiedades antiinflamatorias, que hidratan, suavizan, mejoran el tono de la piel, ayudan a disminuir rojeces e imperfecciones y aportan luminosidad sin dejar sensaci\u00f3n grasa.<\/p>\n<p>Es un producto que querr\u00e1s incluir en tu rutina diaria, tu piel notar\u00e1 todos los beneficios.<\/p>","protected":false},"featured_media":2383,"comment_status":"open","ping_status":"closed","template":"","meta":[],"product_brand":[],"product_cat":[47,256],"product_tag":[],"class_list":{"0":"post-1102","1":"product","2":"type-product","3":"status-publish","4":"has-post-thumbnail","6":"product_cat-belleza","7":"product_cat-cuidado-de-piel","9":"first","10":"instock","11":"shipping-taxable","12":"purchasable","13":"product-type-simple"},"_links":{"self":[{"href":"https:\/\/casaouart.com\/en\/wp-json\/wp\/v2\/product\/1102","targetHints":{"allow":["GET"]}}],"collection":[{"href":"https:\/\/casaouart.com\/en\/wp-json\/wp\/v2\/product"}],"about":[{"href":"https:\/\/casaouart.com\/en\/wp-json\/wp\/v2\/types\/product"}],"replies":[{"embeddable":true,"href":"https:\/\/casaouart.com\/en\/wp-json\/wp\/v2\/comments?post=1102"}],"wp:featuredmedia":[{"embeddable":true,"href":"https:\/\/casaouart.com\/en\/wp-json\/wp\/v2\/media\/2383"}],"wp:attachment":[{"href":"https:\/\/casaouart.com\/en\/wp-json\/wp\/v2\/media?parent=1102"}],"wp:term":[{"taxonomy":"product_brand","embeddable":true,"href":"https:\/\/casaouart.com\/en\/wp-json\/wp\/v2\/product_brand?post=1102"},{"taxonomy":"product_cat","embeddable":true,"href":"https:\/\/casaouart.com\/en\/wp-json\/wp\/v2\/product_cat?post=1102"},{"taxonomy":"product_tag","embeddable":true,"href":"https:\/\/casaouart.com\/en\/wp-json\/wp\/v2\/product_tag?post=1102"}],"curies":[{"name":"wp","href":"https:\/\/api.w.org\/{rel}","templated":true}]}}