{"id":1103,"date":"2025-11-27T01:30:15","date_gmt":"2025-11-27T01:30:15","guid":{"rendered":"https:\/\/casaouart.com\/product\/home-parfume-0001\/"},"modified":"2026-01-27T01:53:18","modified_gmt":"2026-01-27T01:53:18","slug":"home-parfume-0001","status":"publish","type":"product","link":"https:\/\/casaouart.com\/en\/product\/home-parfume-0001\/","title":{"rendered":"HOME PARFUME 0001"},"content":{"rendered":"","protected":false},"excerpt":{"rendered":"<p>Una fragancia sublime y de distinci\u00f3n, creada para impregnar de elegancia los espacios y textiles que nos rodean. 0001 es un perfume de lujo para el hogar que fusiona con maestr\u00eda la calidez de las notas amaderadas, la frescura envolvente y la elegancia atemporal, dejando una huella sensorial profunda y sofisticada. Su delicada composici\u00f3n de s\u00e1ndalo, jazm\u00edn, cuero, violeta, cardamomo y ambar, evocan un equilibrio exquisito de lujo y refinamiento.<\/p>","protected":false},"featured_media":2385,"comment_status":"open","ping_status":"closed","template":"","meta":[],"product_brand":[],"product_cat":[48],"product_tag":[],"class_list":{"0":"post-1103","1":"product","2":"type-product","3":"status-publish","4":"has-post-thumbnail","6":"product_cat-decoracion-de-hogar","8":"first","9":"instock","10":"shipping-taxable","11":"purchasable","12":"product-type-simple"},"_links":{"self":[{"href":"https:\/\/casaouart.com\/en\/wp-json\/wp\/v2\/product\/1103","targetHints":{"allow":["GET"]}}],"collection":[{"href":"https:\/\/casaouart.com\/en\/wp-json\/wp\/v2\/product"}],"about":[{"href":"https:\/\/casaouart.com\/en\/wp-json\/wp\/v2\/types\/product"}],"replies":[{"embeddable":true,"href":"https:\/\/casaouart.com\/en\/wp-json\/wp\/v2\/comments?post=1103"}],"wp:featuredmedia":[{"embeddable":true,"href":"https:\/\/casaouart.com\/en\/wp-json\/wp\/v2\/media\/2385"}],"wp:attachment":[{"href":"https:\/\/casaouart.com\/en\/wp-json\/wp\/v2\/media?parent=1103"}],"wp:term":[{"taxonomy":"product_brand","embeddable":true,"href":"https:\/\/casaouart.com\/en\/wp-json\/wp\/v2\/product_brand?post=1103"},{"taxonomy":"product_cat","embeddable":true,"href":"https:\/\/casaouart.com\/en\/wp-json\/wp\/v2\/product_cat?post=1103"},{"taxonomy":"product_tag","embeddable":true,"href":"https:\/\/casaouart.com\/en\/wp-json\/wp\/v2\/product_tag?post=1103"}],"curies":[{"name":"wp","href":"https:\/\/api.w.org\/{rel}","templated":true}]}}