{"id":1105,"date":"2025-11-27T01:30:16","date_gmt":"2025-11-27T01:30:16","guid":{"rendered":"https:\/\/casaouart.com\/product\/cotton-signature-bag\/"},"modified":"2026-01-27T01:53:19","modified_gmt":"2026-01-27T01:53:19","slug":"cotton-signature-bag","status":"publish","type":"product","link":"https:\/\/casaouart.com\/en\/product\/cotton-signature-bag\/","title":{"rendered":"COTTON SIGNATURE BAG"},"content":{"rendered":"","protected":false},"excerpt":{"rendered":"<p>Dise\u00f1ado para una sensaci\u00f3n suave y fluffy su textura en tela boucl\u00e9 lo hacen incre\u00edblemente cozy como motita de algod\u00f3n, mientras mantiene un aspecto estructurado que le permite encajar y encontrar sus elementos esenciales para el d\u00eda a d\u00eda, revestido con un forro de cuero blanco, este dise\u00f1o incorpora un compartimento interno y dos cierres de metal dorado marcados con el logo MANUELA ANGEL  seguros y f\u00e1ciles de manejar.<\/p>\n<p>Hecho en Colombia por manos artesanas.<\/p>","protected":false},"featured_media":2382,"comment_status":"open","ping_status":"closed","template":"","meta":[],"product_brand":[],"product_cat":[46,267],"product_tag":[],"class_list":{"0":"post-1105","1":"product","2":"type-product","3":"status-publish","4":"has-post-thumbnail","6":"product_cat-accesorios","7":"product_cat-bolsos-y-carteras","9":"first","10":"instock","11":"shipping-taxable","12":"purchasable","13":"product-type-simple"},"_links":{"self":[{"href":"https:\/\/casaouart.com\/en\/wp-json\/wp\/v2\/product\/1105","targetHints":{"allow":["GET"]}}],"collection":[{"href":"https:\/\/casaouart.com\/en\/wp-json\/wp\/v2\/product"}],"about":[{"href":"https:\/\/casaouart.com\/en\/wp-json\/wp\/v2\/types\/product"}],"replies":[{"embeddable":true,"href":"https:\/\/casaouart.com\/en\/wp-json\/wp\/v2\/comments?post=1105"}],"wp:featuredmedia":[{"embeddable":true,"href":"https:\/\/casaouart.com\/en\/wp-json\/wp\/v2\/media\/2382"}],"wp:attachment":[{"href":"https:\/\/casaouart.com\/en\/wp-json\/wp\/v2\/media?parent=1105"}],"wp:term":[{"taxonomy":"product_brand","embeddable":true,"href":"https:\/\/casaouart.com\/en\/wp-json\/wp\/v2\/product_brand?post=1105"},{"taxonomy":"product_cat","embeddable":true,"href":"https:\/\/casaouart.com\/en\/wp-json\/wp\/v2\/product_cat?post=1105"},{"taxonomy":"product_tag","embeddable":true,"href":"https:\/\/casaouart.com\/en\/wp-json\/wp\/v2\/product_tag?post=1105"}],"curies":[{"name":"wp","href":"https:\/\/api.w.org\/{rel}","templated":true}]}}