{"id":1154,"date":"2025-11-27T01:42:12","date_gmt":"2025-11-27T01:42:12","guid":{"rendered":"https:\/\/casaouart.com\/product\/vela-eclipse-del-tropico-beige\/"},"modified":"2026-01-28T02:46:06","modified_gmt":"2026-01-28T02:46:06","slug":"vela-eclipse-del-tropico","status":"publish","type":"product","link":"https:\/\/casaouart.com\/en\/product\/vela-eclipse-del-tropico\/","title":{"rendered":"VELA ECLIPSE DEL TROPICO"},"content":{"rendered":"","protected":false},"excerpt":{"rendered":"<p>ECLIPSE DEL TROPICO. Vela artesanal hecha a mano con cera de soya y una fragancia exclusiva que logra un equilibrio armonioso entre una frescura vigorizante y una delicada esencia amanerada y profunda. Su aroma entrelaza sutiles especias, \u00e1mbar y madera de cedro, infundi\u00e9ndole un aire de modernidad y frescura con ra\u00edz de lirio.<\/p>","protected":false},"featured_media":3383,"comment_status":"open","ping_status":"closed","template":"","meta":[],"product_brand":[],"product_cat":[48,272],"product_tag":[],"class_list":{"0":"post-1154","1":"product","2":"type-product","3":"status-publish","4":"has-post-thumbnail","6":"product_cat-decoracion-de-hogar","7":"product_cat-velas-y-aromas","9":"first","10":"instock","11":"shipping-taxable","12":"purchasable","13":"product-type-variable"},"_links":{"self":[{"href":"https:\/\/casaouart.com\/en\/wp-json\/wp\/v2\/product\/1154","targetHints":{"allow":["GET"]}}],"collection":[{"href":"https:\/\/casaouart.com\/en\/wp-json\/wp\/v2\/product"}],"about":[{"href":"https:\/\/casaouart.com\/en\/wp-json\/wp\/v2\/types\/product"}],"replies":[{"embeddable":true,"href":"https:\/\/casaouart.com\/en\/wp-json\/wp\/v2\/comments?post=1154"}],"wp:featuredmedia":[{"embeddable":true,"href":"https:\/\/casaouart.com\/en\/wp-json\/wp\/v2\/media\/3383"}],"wp:attachment":[{"href":"https:\/\/casaouart.com\/en\/wp-json\/wp\/v2\/media?parent=1154"}],"wp:term":[{"taxonomy":"product_brand","embeddable":true,"href":"https:\/\/casaouart.com\/en\/wp-json\/wp\/v2\/product_brand?post=1154"},{"taxonomy":"product_cat","embeddable":true,"href":"https:\/\/casaouart.com\/en\/wp-json\/wp\/v2\/product_cat?post=1154"},{"taxonomy":"product_tag","embeddable":true,"href":"https:\/\/casaouart.com\/en\/wp-json\/wp\/v2\/product_tag?post=1154"}],"curies":[{"name":"wp","href":"https:\/\/api.w.org\/{rel}","templated":true}]}}