{"id":1165,"date":"2025-11-29T02:01:28","date_gmt":"2025-11-29T02:01:28","guid":{"rendered":"https:\/\/casaouart.com\/product\/genova-pant\/"},"modified":"2026-01-27T01:55:45","modified_gmt":"2026-01-27T01:55:45","slug":"genova-pant","status":"publish","type":"product","link":"https:\/\/casaouart.com\/en\/product\/genova-pant\/","title":{"rendered":"GENOVA PANT"},"content":{"rendered":"","protected":false},"excerpt":{"rendered":"<p>Este pantal\u00f3n en denim negro con un acabado de efecto lavado redefine lo utilitario con un toque moderno. Las costuras marcadas y el ic\u00f3nico bordado en contraste en la parte trasera le dan un car\u00e1cter \u00fanico que no pasa desapercibido. Su silueta de pierna ancha y detalles funcionales, como bolsillos frontales y traseros, lo convierten en una pieza pr\u00e1ctica pero con actitud.<\/p>","protected":false},"featured_media":3520,"comment_status":"open","ping_status":"closed","template":"","meta":[],"product_brand":[],"product_cat":[53,45],"product_tag":[],"class_list":{"0":"post-1165","1":"product","2":"type-product","3":"status-publish","4":"has-post-thumbnail","6":"product_cat-bottoms","7":"product_cat-moda","9":"first","10":"instock","11":"shipping-taxable","12":"purchasable","13":"product-type-variable"},"_links":{"self":[{"href":"https:\/\/casaouart.com\/en\/wp-json\/wp\/v2\/product\/1165","targetHints":{"allow":["GET"]}}],"collection":[{"href":"https:\/\/casaouart.com\/en\/wp-json\/wp\/v2\/product"}],"about":[{"href":"https:\/\/casaouart.com\/en\/wp-json\/wp\/v2\/types\/product"}],"replies":[{"embeddable":true,"href":"https:\/\/casaouart.com\/en\/wp-json\/wp\/v2\/comments?post=1165"}],"wp:featuredmedia":[{"embeddable":true,"href":"https:\/\/casaouart.com\/en\/wp-json\/wp\/v2\/media\/3520"}],"wp:attachment":[{"href":"https:\/\/casaouart.com\/en\/wp-json\/wp\/v2\/media?parent=1165"}],"wp:term":[{"taxonomy":"product_brand","embeddable":true,"href":"https:\/\/casaouart.com\/en\/wp-json\/wp\/v2\/product_brand?post=1165"},{"taxonomy":"product_cat","embeddable":true,"href":"https:\/\/casaouart.com\/en\/wp-json\/wp\/v2\/product_cat?post=1165"},{"taxonomy":"product_tag","embeddable":true,"href":"https:\/\/casaouart.com\/en\/wp-json\/wp\/v2\/product_tag?post=1165"}],"curies":[{"name":"wp","href":"https:\/\/api.w.org\/{rel}","templated":true}]}}