{"id":1170,"date":"2025-11-29T02:01:30","date_gmt":"2025-11-29T02:01:30","guid":{"rendered":"https:\/\/casaouart.com\/product\/paramo-pant\/"},"modified":"2026-01-27T01:57:04","modified_gmt":"2026-01-27T01:57:04","slug":"paramo-pant","status":"publish","type":"product","link":"https:\/\/casaouart.com\/en\/product\/paramo-pant\/","title":{"rendered":"PARAMO PANT"},"content":{"rendered":"","protected":false},"excerpt":{"rendered":"<p>P\u00e1ramo es un pantal\u00f3n de silueta amplia que honra la sobriedad y fuerza de los ecosistemas altos de Colombia. Su dise\u00f1o estructurado con pinzas frontales crea movimiento y forma, mientras la lona cruda en algod\u00f3n aporta textura, resistencia y un aire fresco sin esfuerzo.<\/p>\n<p>La pretina alta y los acabados minimalistas incluyendo el toque sutil del verde hacen de esta pieza un esencial con car\u00e1cter. Libre pero firme, c\u00f3modo pero elegante. Una base s\u00f3lida para habitar la ciudad o la monta\u00f1a.<\/p>","protected":false},"featured_media":3569,"comment_status":"open","ping_status":"closed","template":"","meta":[],"product_brand":[],"product_cat":[53,45],"product_tag":[],"class_list":{"0":"post-1170","1":"product","2":"type-product","3":"status-publish","4":"has-post-thumbnail","6":"product_cat-bottoms","7":"product_cat-moda","9":"first","10":"instock","11":"shipping-taxable","12":"purchasable","13":"product-type-variable"},"_links":{"self":[{"href":"https:\/\/casaouart.com\/en\/wp-json\/wp\/v2\/product\/1170","targetHints":{"allow":["GET"]}}],"collection":[{"href":"https:\/\/casaouart.com\/en\/wp-json\/wp\/v2\/product"}],"about":[{"href":"https:\/\/casaouart.com\/en\/wp-json\/wp\/v2\/types\/product"}],"replies":[{"embeddable":true,"href":"https:\/\/casaouart.com\/en\/wp-json\/wp\/v2\/comments?post=1170"}],"wp:featuredmedia":[{"embeddable":true,"href":"https:\/\/casaouart.com\/en\/wp-json\/wp\/v2\/media\/3569"}],"wp:attachment":[{"href":"https:\/\/casaouart.com\/en\/wp-json\/wp\/v2\/media?parent=1170"}],"wp:term":[{"taxonomy":"product_brand","embeddable":true,"href":"https:\/\/casaouart.com\/en\/wp-json\/wp\/v2\/product_brand?post=1170"},{"taxonomy":"product_cat","embeddable":true,"href":"https:\/\/casaouart.com\/en\/wp-json\/wp\/v2\/product_cat?post=1170"},{"taxonomy":"product_tag","embeddable":true,"href":"https:\/\/casaouart.com\/en\/wp-json\/wp\/v2\/product_tag?post=1170"}],"curies":[{"name":"wp","href":"https:\/\/api.w.org\/{rel}","templated":true}]}}