{"id":1177,"date":"2025-11-29T02:01:33","date_gmt":"2025-11-29T02:01:33","guid":{"rendered":"https:\/\/casaouart.com\/product\/dark-ocean-skirt\/"},"modified":"2026-01-27T01:55:50","modified_gmt":"2026-01-27T01:55:50","slug":"dark-ocean-skirt","status":"publish","type":"product","link":"https:\/\/casaouart.com\/en\/product\/dark-ocean-skirt\/","title":{"rendered":"DARK OCEAN SKIRT"},"content":{"rendered":"","protected":false},"excerpt":{"rendered":"<p>Esta falda en denim azul oscuro es un b\u00e1sico con un toque especial. Con su abertura frontal y su silueta midi, lleva un dise\u00f1o que desaf\u00eda lo tradicional para convertirse en una declaraci\u00f3n. Las costuras en contraste resaltan los detalles \u00fanicos que le dan car\u00e1cter, mientras que su estructura la hace ideal para moverse contigo en cualquier momento.<\/p>","protected":false},"featured_media":3516,"comment_status":"open","ping_status":"closed","template":"","meta":[],"product_brand":[],"product_cat":[53,45],"product_tag":[],"class_list":{"0":"post-1177","1":"product","2":"type-product","3":"status-publish","4":"has-post-thumbnail","6":"product_cat-bottoms","7":"product_cat-moda","9":"first","10":"instock","11":"shipping-taxable","12":"purchasable","13":"product-type-variable"},"_links":{"self":[{"href":"https:\/\/casaouart.com\/en\/wp-json\/wp\/v2\/product\/1177","targetHints":{"allow":["GET"]}}],"collection":[{"href":"https:\/\/casaouart.com\/en\/wp-json\/wp\/v2\/product"}],"about":[{"href":"https:\/\/casaouart.com\/en\/wp-json\/wp\/v2\/types\/product"}],"replies":[{"embeddable":true,"href":"https:\/\/casaouart.com\/en\/wp-json\/wp\/v2\/comments?post=1177"}],"wp:featuredmedia":[{"embeddable":true,"href":"https:\/\/casaouart.com\/en\/wp-json\/wp\/v2\/media\/3516"}],"wp:attachment":[{"href":"https:\/\/casaouart.com\/en\/wp-json\/wp\/v2\/media?parent=1177"}],"wp:term":[{"taxonomy":"product_brand","embeddable":true,"href":"https:\/\/casaouart.com\/en\/wp-json\/wp\/v2\/product_brand?post=1177"},{"taxonomy":"product_cat","embeddable":true,"href":"https:\/\/casaouart.com\/en\/wp-json\/wp\/v2\/product_cat?post=1177"},{"taxonomy":"product_tag","embeddable":true,"href":"https:\/\/casaouart.com\/en\/wp-json\/wp\/v2\/product_tag?post=1177"}],"curies":[{"name":"wp","href":"https:\/\/api.w.org\/{rel}","templated":true}]}}