{"id":1178,"date":"2025-11-29T02:01:33","date_gmt":"2025-11-29T02:01:33","guid":{"rendered":"https:\/\/casaouart.com\/product\/1982-jacket\/"},"modified":"2026-01-27T01:53:41","modified_gmt":"2026-01-27T01:53:41","slug":"1982-jacket","status":"publish","type":"product","link":"https:\/\/casaouart.com\/en\/product\/1982-jacket\/","title":{"rendered":"1982 JACKET"},"content":{"rendered":"","protected":false},"excerpt":{"rendered":"<p>1982 Jacket es un cl\u00e1sico con un toque especial, inspirada en la moda atemporal. Su color \u00edndigo profundo contrasta con los detalles desgastados en los pu\u00f1os, lo que le otorga un car\u00e1cter \u00fanico y audaz. Su corte oversize y las mangas amplias a\u00f1aden una dosis de modernidad, convirti\u00e9ndola en una chaqueta para todos los d\u00edas.<\/p>","protected":false},"featured_media":3479,"comment_status":"open","ping_status":"closed","template":"","meta":[],"product_brand":[],"product_cat":[269,45],"product_tag":[],"class_list":{"0":"post-1178","1":"product","2":"type-product","3":"status-publish","4":"has-post-thumbnail","6":"product_cat-chaquetas","7":"product_cat-moda","9":"first","10":"instock","11":"shipping-taxable","12":"purchasable","13":"product-type-simple"},"_links":{"self":[{"href":"https:\/\/casaouart.com\/en\/wp-json\/wp\/v2\/product\/1178","targetHints":{"allow":["GET"]}}],"collection":[{"href":"https:\/\/casaouart.com\/en\/wp-json\/wp\/v2\/product"}],"about":[{"href":"https:\/\/casaouart.com\/en\/wp-json\/wp\/v2\/types\/product"}],"replies":[{"embeddable":true,"href":"https:\/\/casaouart.com\/en\/wp-json\/wp\/v2\/comments?post=1178"}],"wp:featuredmedia":[{"embeddable":true,"href":"https:\/\/casaouart.com\/en\/wp-json\/wp\/v2\/media\/3479"}],"wp:attachment":[{"href":"https:\/\/casaouart.com\/en\/wp-json\/wp\/v2\/media?parent=1178"}],"wp:term":[{"taxonomy":"product_brand","embeddable":true,"href":"https:\/\/casaouart.com\/en\/wp-json\/wp\/v2\/product_brand?post=1178"},{"taxonomy":"product_cat","embeddable":true,"href":"https:\/\/casaouart.com\/en\/wp-json\/wp\/v2\/product_cat?post=1178"},{"taxonomy":"product_tag","embeddable":true,"href":"https:\/\/casaouart.com\/en\/wp-json\/wp\/v2\/product_tag?post=1178"}],"curies":[{"name":"wp","href":"https:\/\/api.w.org\/{rel}","templated":true}]}}