{"id":1186,"date":"2025-11-22T22:22:35","date_gmt":"2025-11-22T22:22:35","guid":{"rendered":"https:\/\/casaouart.com\/product\/inner-leggings\/"},"modified":"2026-01-27T01:55:53","modified_gmt":"2026-01-27T01:55:53","slug":"inner-leggings","status":"publish","type":"product","link":"https:\/\/casaouart.com\/en\/product\/inner-leggings\/","title":{"rendered":"INNER LEGGINGS"},"content":{"rendered":"","protected":false},"excerpt":{"rendered":"<p>Leggings con un fit que tiene una propuesta de dise\u00f1o innovadora pero conservando un estilo sofisticado y femenino. Con cortes y vivos en contraste que realzan la silueta y alargan la figura.<\/p>\n<p>Esta prenda est\u00e1 confeccionada con telas de \u00faltima generaci\u00f3n, dise\u00f1adas para acompa\u00f1arte en cada movimiento con comodidad, seguridad y estilo<\/p>","protected":false},"featured_media":3985,"comment_status":"open","ping_status":"closed","template":"","meta":[],"product_brand":[],"product_cat":[53,45],"product_tag":[],"class_list":{"0":"post-1186","1":"product","2":"type-product","3":"status-publish","4":"has-post-thumbnail","6":"product_cat-bottoms","7":"product_cat-moda","9":"first","10":"instock","11":"shipping-taxable","12":"purchasable","13":"product-type-variable"},"_links":{"self":[{"href":"https:\/\/casaouart.com\/en\/wp-json\/wp\/v2\/product\/1186","targetHints":{"allow":["GET"]}}],"collection":[{"href":"https:\/\/casaouart.com\/en\/wp-json\/wp\/v2\/product"}],"about":[{"href":"https:\/\/casaouart.com\/en\/wp-json\/wp\/v2\/types\/product"}],"replies":[{"embeddable":true,"href":"https:\/\/casaouart.com\/en\/wp-json\/wp\/v2\/comments?post=1186"}],"wp:featuredmedia":[{"embeddable":true,"href":"https:\/\/casaouart.com\/en\/wp-json\/wp\/v2\/media\/3985"}],"wp:attachment":[{"href":"https:\/\/casaouart.com\/en\/wp-json\/wp\/v2\/media?parent=1186"}],"wp:term":[{"taxonomy":"product_brand","embeddable":true,"href":"https:\/\/casaouart.com\/en\/wp-json\/wp\/v2\/product_brand?post=1186"},{"taxonomy":"product_cat","embeddable":true,"href":"https:\/\/casaouart.com\/en\/wp-json\/wp\/v2\/product_cat?post=1186"},{"taxonomy":"product_tag","embeddable":true,"href":"https:\/\/casaouart.com\/en\/wp-json\/wp\/v2\/product_tag?post=1186"}],"curies":[{"name":"wp","href":"https:\/\/api.w.org\/{rel}","templated":true}]}}