{"id":1201,"date":"2025-11-22T22:22:05","date_gmt":"2025-11-22T22:22:05","guid":{"rendered":"https:\/\/casaouart.com\/product\/essential-hoodie\/"},"modified":"2026-01-27T01:55:57","modified_gmt":"2026-01-27T01:55:57","slug":"essential-hoodie","status":"publish","type":"product","link":"https:\/\/casaouart.com\/en\/product\/essential-hoodie\/","title":{"rendered":"ESSENTIAL HOODIE"},"content":{"rendered":"","protected":false},"excerpt":{"rendered":"<p>Disfruta de la suavidad y confort de nuestro hoodie 100% algod\u00f3n. Perfecto para cualquier ocasi\u00f3n, su dise\u00f1o vers\u00e1til y de alta calidad te brinda comodidad todo el d\u00eda. Ideal para un estilo relajado y moderno, f\u00e1cil de combinar con cualquier look.<\/p>\n<p>&#8211; 100% algod\u00f3n.<br \/>\n&#8211; Suavidad y confort en su interior gracias a su afelpado.<br \/>\n&#8211; Dise\u00f1o vers\u00e1til y c\u00f3modo.<\/p>\n<p>La modelo lleva talla S, mide 1,75 m y tiene 82 cm de busto, 61 cm de cintura y 91 cm de cadera.<\/p>","protected":false},"featured_media":3972,"comment_status":"open","ping_status":"closed","template":"","meta":[],"product_brand":[],"product_cat":[45,51],"product_tag":[],"class_list":{"0":"post-1201","1":"product","2":"type-product","3":"status-publish","4":"has-post-thumbnail","6":"product_cat-moda","7":"product_cat-tops","9":"first","10":"instock","11":"shipping-taxable","12":"purchasable","13":"product-type-variable"},"_links":{"self":[{"href":"https:\/\/casaouart.com\/en\/wp-json\/wp\/v2\/product\/1201","targetHints":{"allow":["GET"]}}],"collection":[{"href":"https:\/\/casaouart.com\/en\/wp-json\/wp\/v2\/product"}],"about":[{"href":"https:\/\/casaouart.com\/en\/wp-json\/wp\/v2\/types\/product"}],"replies":[{"embeddable":true,"href":"https:\/\/casaouart.com\/en\/wp-json\/wp\/v2\/comments?post=1201"}],"wp:featuredmedia":[{"embeddable":true,"href":"https:\/\/casaouart.com\/en\/wp-json\/wp\/v2\/media\/3972"}],"wp:attachment":[{"href":"https:\/\/casaouart.com\/en\/wp-json\/wp\/v2\/media?parent=1201"}],"wp:term":[{"taxonomy":"product_brand","embeddable":true,"href":"https:\/\/casaouart.com\/en\/wp-json\/wp\/v2\/product_brand?post=1201"},{"taxonomy":"product_cat","embeddable":true,"href":"https:\/\/casaouart.com\/en\/wp-json\/wp\/v2\/product_cat?post=1201"},{"taxonomy":"product_tag","embeddable":true,"href":"https:\/\/casaouart.com\/en\/wp-json\/wp\/v2\/product_tag?post=1201"}],"curies":[{"name":"wp","href":"https:\/\/api.w.org\/{rel}","templated":true}]}}