{"id":1238,"date":"2025-11-27T02:16:17","date_gmt":"2025-11-27T02:16:17","guid":{"rendered":"https:\/\/casaouart.com\/product\/la-chemise-milan\/"},"modified":"2026-01-27T01:57:26","modified_gmt":"2026-01-27T01:57:26","slug":"la-chemise-milan","status":"publish","type":"product","link":"https:\/\/casaouart.com\/en\/product\/la-chemise-milan\/","title":{"rendered":"LA CHEMISE MILAN"},"content":{"rendered":"","protected":false},"excerpt":{"rendered":"<p>Una prenda con estructura y presencia. Esta camisa est\u00e1 confeccionada en un denim rayado de peso medio a grueso, ideal para llevar como prenda principal o como sobrecamisa. Tiene corte oversize, cuello cl\u00e1sico, bolsillos de parche con solapa y cierre frontal con botones. Las aberturas laterales profundas y el ruedo redondeado le dan movimiento y modernidad al dise\u00f1o. El tejido firme realza su silueta amplia y la convierte en una pieza vers\u00e1til para todo el a\u00f1o.<\/p>","protected":false},"featured_media":4133,"comment_status":"open","ping_status":"closed","template":"","meta":[],"product_brand":[],"product_cat":[45,51],"product_tag":[],"class_list":{"0":"post-1238","1":"product","2":"type-product","3":"status-publish","4":"has-post-thumbnail","6":"product_cat-moda","7":"product_cat-tops","9":"first","10":"instock","11":"shipping-taxable","12":"purchasable","13":"product-type-variable"},"_links":{"self":[{"href":"https:\/\/casaouart.com\/en\/wp-json\/wp\/v2\/product\/1238","targetHints":{"allow":["GET"]}}],"collection":[{"href":"https:\/\/casaouart.com\/en\/wp-json\/wp\/v2\/product"}],"about":[{"href":"https:\/\/casaouart.com\/en\/wp-json\/wp\/v2\/types\/product"}],"replies":[{"embeddable":true,"href":"https:\/\/casaouart.com\/en\/wp-json\/wp\/v2\/comments?post=1238"}],"wp:featuredmedia":[{"embeddable":true,"href":"https:\/\/casaouart.com\/en\/wp-json\/wp\/v2\/media\/4133"}],"wp:attachment":[{"href":"https:\/\/casaouart.com\/en\/wp-json\/wp\/v2\/media?parent=1238"}],"wp:term":[{"taxonomy":"product_brand","embeddable":true,"href":"https:\/\/casaouart.com\/en\/wp-json\/wp\/v2\/product_brand?post=1238"},{"taxonomy":"product_cat","embeddable":true,"href":"https:\/\/casaouart.com\/en\/wp-json\/wp\/v2\/product_cat?post=1238"},{"taxonomy":"product_tag","embeddable":true,"href":"https:\/\/casaouart.com\/en\/wp-json\/wp\/v2\/product_tag?post=1238"}],"curies":[{"name":"wp","href":"https:\/\/api.w.org\/{rel}","templated":true}]}}