{"id":1240,"date":"2025-11-27T02:16:17","date_gmt":"2025-11-27T02:16:17","guid":{"rendered":"https:\/\/casaouart.com\/product\/le-gilet-marron\/"},"modified":"2026-01-27T01:57:24","modified_gmt":"2026-01-27T01:57:24","slug":"le-gilet-marron","status":"publish","type":"product","link":"https:\/\/casaouart.com\/en\/product\/le-gilet-marron\/","title":{"rendered":"LE GILET MARRON"},"content":{"rendered":"","protected":false},"excerpt":{"rendered":"<p>Un cl\u00e1sico renovado con actitud contempor\u00e1nea. Este chaleco sin mangas est\u00e1 confeccionado en denim te\u00f1ido color marr\u00f3n, con un fit estructurado pero c\u00f3modo. Tiene escote en V, cierre frontal con botones y dos bolsillos tipo parche en diagonal. El dise\u00f1o ligeramente m\u00e1s largo al frente aporta definici\u00f3n y lo hace ideal para usar solo o en capas. Una prenda vers\u00e1til que eleva cualquier look casual.<\/p>","protected":false},"featured_media":4118,"comment_status":"open","ping_status":"closed","template":"","meta":[],"product_brand":[],"product_cat":[51],"product_tag":[],"class_list":{"0":"post-1240","1":"product","2":"type-product","3":"status-publish","4":"has-post-thumbnail","6":"product_cat-tops","8":"first","9":"instock","10":"shipping-taxable","11":"purchasable","12":"product-type-variable"},"_links":{"self":[{"href":"https:\/\/casaouart.com\/en\/wp-json\/wp\/v2\/product\/1240","targetHints":{"allow":["GET"]}}],"collection":[{"href":"https:\/\/casaouart.com\/en\/wp-json\/wp\/v2\/product"}],"about":[{"href":"https:\/\/casaouart.com\/en\/wp-json\/wp\/v2\/types\/product"}],"replies":[{"embeddable":true,"href":"https:\/\/casaouart.com\/en\/wp-json\/wp\/v2\/comments?post=1240"}],"wp:featuredmedia":[{"embeddable":true,"href":"https:\/\/casaouart.com\/en\/wp-json\/wp\/v2\/media\/4118"}],"wp:attachment":[{"href":"https:\/\/casaouart.com\/en\/wp-json\/wp\/v2\/media?parent=1240"}],"wp:term":[{"taxonomy":"product_brand","embeddable":true,"href":"https:\/\/casaouart.com\/en\/wp-json\/wp\/v2\/product_brand?post=1240"},{"taxonomy":"product_cat","embeddable":true,"href":"https:\/\/casaouart.com\/en\/wp-json\/wp\/v2\/product_cat?post=1240"},{"taxonomy":"product_tag","embeddable":true,"href":"https:\/\/casaouart.com\/en\/wp-json\/wp\/v2\/product_tag?post=1240"}],"curies":[{"name":"wp","href":"https:\/\/api.w.org\/{rel}","templated":true}]}}