{"id":1241,"date":"2025-11-27T02:16:18","date_gmt":"2025-11-27T02:16:18","guid":{"rendered":"https:\/\/casaouart.com\/product\/le-gilet-vert\/"},"modified":"2026-01-27T01:57:24","modified_gmt":"2026-01-27T01:57:24","slug":"le-gilet-vest-black-stripes","status":"publish","type":"product","link":"https:\/\/casaouart.com\/en\/product\/le-gilet-vest-black-stripes\/","title":{"rendered":"LE GILET VEST BLACK STRIPES"},"content":{"rendered":"","protected":false},"excerpt":{"rendered":"<p>Ligero, fresco y con un corte cl\u00e1sico. Este chaleco sin mangas est\u00e1 confeccionado en dril liviano 100% algod\u00f3n, ideal para climas c\u00e1lidos o para usar en capas. Tiene escote en V, botones frontales y dos bolsillos tipo parche en diagonal. Su dise\u00f1o estructurado, con ca\u00edda suave y largo asim\u00e9trico en punta, lo hace una pieza vers\u00e1til que puedes usar abierta o cerrada, sola o con camisas debajo.<\/p>","protected":false},"featured_media":4124,"comment_status":"open","ping_status":"closed","template":"","meta":[],"product_brand":[],"product_cat":[45,51],"product_tag":[],"class_list":{"0":"post-1241","1":"product","2":"type-product","3":"status-publish","4":"has-post-thumbnail","6":"product_cat-moda","7":"product_cat-tops","9":"first","10":"instock","11":"shipping-taxable","12":"purchasable","13":"product-type-variable"},"_links":{"self":[{"href":"https:\/\/casaouart.com\/en\/wp-json\/wp\/v2\/product\/1241","targetHints":{"allow":["GET"]}}],"collection":[{"href":"https:\/\/casaouart.com\/en\/wp-json\/wp\/v2\/product"}],"about":[{"href":"https:\/\/casaouart.com\/en\/wp-json\/wp\/v2\/types\/product"}],"replies":[{"embeddable":true,"href":"https:\/\/casaouart.com\/en\/wp-json\/wp\/v2\/comments?post=1241"}],"wp:featuredmedia":[{"embeddable":true,"href":"https:\/\/casaouart.com\/en\/wp-json\/wp\/v2\/media\/4124"}],"wp:attachment":[{"href":"https:\/\/casaouart.com\/en\/wp-json\/wp\/v2\/media?parent=1241"}],"wp:term":[{"taxonomy":"product_brand","embeddable":true,"href":"https:\/\/casaouart.com\/en\/wp-json\/wp\/v2\/product_brand?post=1241"},{"taxonomy":"product_cat","embeddable":true,"href":"https:\/\/casaouart.com\/en\/wp-json\/wp\/v2\/product_cat?post=1241"},{"taxonomy":"product_tag","embeddable":true,"href":"https:\/\/casaouart.com\/en\/wp-json\/wp\/v2\/product_tag?post=1241"}],"curies":[{"name":"wp","href":"https:\/\/api.w.org\/{rel}","templated":true}]}}