{"id":1246,"date":"2025-11-27T02:16:19","date_gmt":"2025-11-27T02:16:19","guid":{"rendered":"https:\/\/casaouart.com\/product\/le-bermuda-marron\/"},"modified":"2026-01-27T01:57:24","modified_gmt":"2026-01-27T01:57:24","slug":"le-bermuda-marron","status":"publish","type":"product","link":"https:\/\/casaouart.com\/en\/product\/le-bermuda-marron\/","title":{"rendered":"LE BERMUDA MARRON"},"content":{"rendered":"","protected":false},"excerpt":{"rendered":"<p>Una versi\u00f3n m\u00e1s estructurada y urbana de nuestra bermuda cl\u00e1sica. Hecha en denim te\u00f1ido, esta prenda ofrece resistencia y forma sin sacrificar comodidad. Tiene tiro medio, prenses frontales que aportan amplitud y un corte redondeado en el costado que suaviza su silueta. El largo a la rodilla la hace perfecta para combinar con mocasines, botas o sandalias. Un b\u00e1sico con car\u00e1cter para el d\u00eda a d\u00eda.<\/p>","protected":false},"featured_media":4132,"comment_status":"open","ping_status":"closed","template":"","meta":[],"product_brand":[],"product_cat":[53,45],"product_tag":[],"class_list":{"0":"post-1246","1":"product","2":"type-product","3":"status-publish","4":"has-post-thumbnail","6":"product_cat-bottoms","7":"product_cat-moda","9":"first","10":"instock","11":"shipping-taxable","12":"purchasable","13":"product-type-variable"},"_links":{"self":[{"href":"https:\/\/casaouart.com\/en\/wp-json\/wp\/v2\/product\/1246","targetHints":{"allow":["GET"]}}],"collection":[{"href":"https:\/\/casaouart.com\/en\/wp-json\/wp\/v2\/product"}],"about":[{"href":"https:\/\/casaouart.com\/en\/wp-json\/wp\/v2\/types\/product"}],"replies":[{"embeddable":true,"href":"https:\/\/casaouart.com\/en\/wp-json\/wp\/v2\/comments?post=1246"}],"wp:featuredmedia":[{"embeddable":true,"href":"https:\/\/casaouart.com\/en\/wp-json\/wp\/v2\/media\/4132"}],"wp:attachment":[{"href":"https:\/\/casaouart.com\/en\/wp-json\/wp\/v2\/media?parent=1246"}],"wp:term":[{"taxonomy":"product_brand","embeddable":true,"href":"https:\/\/casaouart.com\/en\/wp-json\/wp\/v2\/product_brand?post=1246"},{"taxonomy":"product_cat","embeddable":true,"href":"https:\/\/casaouart.com\/en\/wp-json\/wp\/v2\/product_cat?post=1246"},{"taxonomy":"product_tag","embeddable":true,"href":"https:\/\/casaouart.com\/en\/wp-json\/wp\/v2\/product_tag?post=1246"}],"curies":[{"name":"wp","href":"https:\/\/api.w.org\/{rel}","templated":true}]}}