{"id":1248,"date":"2025-11-27T02:16:20","date_gmt":"2025-11-27T02:16:20","guid":{"rendered":"https:\/\/casaouart.com\/product\/le-bermuda-vert\/"},"modified":"2026-01-27T01:57:28","modified_gmt":"2026-01-27T01:57:28","slug":"le-bermuda-vert","status":"publish","type":"product","link":"https:\/\/casaouart.com\/en\/product\/le-bermuda-vert\/","title":{"rendered":"LE BERMUDA VERT"},"content":{"rendered":"","protected":false},"excerpt":{"rendered":"<p>Esta bermuda de tiro medio en dril liviano 100% algod\u00f3n combina comodidad y estructura. Tiene prenses frontales que dan amplitud sin perder forma, y un detalle redondeado en el costado que suaviza la silueta. Cuenta con bolsillos laterales, pasadores para cintur\u00f3n y un largo a la rodilla ideal para el d\u00eda a d\u00eda. El tono verde oliva la convierte en una prenda f\u00e1cil de combinar con neutros o tonos tierra.<\/p>","protected":false},"featured_media":4148,"comment_status":"open","ping_status":"closed","template":"","meta":[],"product_brand":[],"product_cat":[53,45],"product_tag":[],"class_list":{"0":"post-1248","1":"product","2":"type-product","3":"status-publish","4":"has-post-thumbnail","6":"product_cat-bottoms","7":"product_cat-moda","9":"first","10":"instock","11":"shipping-taxable","12":"purchasable","13":"product-type-variable"},"_links":{"self":[{"href":"https:\/\/casaouart.com\/en\/wp-json\/wp\/v2\/product\/1248","targetHints":{"allow":["GET"]}}],"collection":[{"href":"https:\/\/casaouart.com\/en\/wp-json\/wp\/v2\/product"}],"about":[{"href":"https:\/\/casaouart.com\/en\/wp-json\/wp\/v2\/types\/product"}],"replies":[{"embeddable":true,"href":"https:\/\/casaouart.com\/en\/wp-json\/wp\/v2\/comments?post=1248"}],"wp:featuredmedia":[{"embeddable":true,"href":"https:\/\/casaouart.com\/en\/wp-json\/wp\/v2\/media\/4148"}],"wp:attachment":[{"href":"https:\/\/casaouart.com\/en\/wp-json\/wp\/v2\/media?parent=1248"}],"wp:term":[{"taxonomy":"product_brand","embeddable":true,"href":"https:\/\/casaouart.com\/en\/wp-json\/wp\/v2\/product_brand?post=1248"},{"taxonomy":"product_cat","embeddable":true,"href":"https:\/\/casaouart.com\/en\/wp-json\/wp\/v2\/product_cat?post=1248"},{"taxonomy":"product_tag","embeddable":true,"href":"https:\/\/casaouart.com\/en\/wp-json\/wp\/v2\/product_tag?post=1248"}],"curies":[{"name":"wp","href":"https:\/\/api.w.org\/{rel}","templated":true}]}}