{"id":1267,"date":"2025-11-27T02:16:25","date_gmt":"2025-11-27T02:16:25","guid":{"rendered":"https:\/\/casaouart.com\/product\/flare-pants\/"},"modified":"2026-01-27T01:56:25","modified_gmt":"2026-01-27T01:56:25","slug":"flare-pants","status":"publish","type":"product","link":"https:\/\/casaouart.com\/en\/product\/flare-pants\/","title":{"rendered":"FLARE PANTS"},"content":{"rendered":"","protected":false},"excerpt":{"rendered":"<p>These Black colored faux leather pants are all about style and attitude. Estos no son solo pants, son una declaraci\u00f3n de essspectacularidad, confeccionados con precisi\u00f3n y atenci\u00f3n al detalle, nuestros Flare Pants ofrecen una combinaci\u00f3n perfecta de boldness and audacity. High &#8211; Middle twisted waisted for that extra coolness and a balloon fit that is just right.<\/p>\n<p>Un statement piece esencial para que puedas uplift tus daily outfits, as\u00ed que don&#8217;t be afraid to mix &amp; match con tus all time favorites.<\/p>","protected":false},"featured_media":3693,"comment_status":"open","ping_status":"closed","template":"","meta":[],"product_brand":[],"product_cat":[53],"product_tag":[],"class_list":{"0":"post-1267","1":"product","2":"type-product","3":"status-publish","4":"has-post-thumbnail","6":"product_cat-bottoms","8":"first","9":"instock","10":"shipping-taxable","11":"purchasable","12":"product-type-variable"},"_links":{"self":[{"href":"https:\/\/casaouart.com\/en\/wp-json\/wp\/v2\/product\/1267","targetHints":{"allow":["GET"]}}],"collection":[{"href":"https:\/\/casaouart.com\/en\/wp-json\/wp\/v2\/product"}],"about":[{"href":"https:\/\/casaouart.com\/en\/wp-json\/wp\/v2\/types\/product"}],"replies":[{"embeddable":true,"href":"https:\/\/casaouart.com\/en\/wp-json\/wp\/v2\/comments?post=1267"}],"wp:featuredmedia":[{"embeddable":true,"href":"https:\/\/casaouart.com\/en\/wp-json\/wp\/v2\/media\/3693"}],"wp:attachment":[{"href":"https:\/\/casaouart.com\/en\/wp-json\/wp\/v2\/media?parent=1267"}],"wp:term":[{"taxonomy":"product_brand","embeddable":true,"href":"https:\/\/casaouart.com\/en\/wp-json\/wp\/v2\/product_brand?post=1267"},{"taxonomy":"product_cat","embeddable":true,"href":"https:\/\/casaouart.com\/en\/wp-json\/wp\/v2\/product_cat?post=1267"},{"taxonomy":"product_tag","embeddable":true,"href":"https:\/\/casaouart.com\/en\/wp-json\/wp\/v2\/product_tag?post=1267"}],"curies":[{"name":"wp","href":"https:\/\/api.w.org\/{rel}","templated":true}]}}