{"id":1268,"date":"2025-11-27T02:16:25","date_gmt":"2025-11-27T02:16:25","guid":{"rendered":"https:\/\/casaouart.com\/product\/sunset-rush-pants\/"},"modified":"2026-01-27T01:56:33","modified_gmt":"2026-01-27T01:56:33","slug":"sunset-rush-pants","status":"publish","type":"product","link":"https:\/\/casaouart.com\/en\/product\/sunset-rush-pants\/","title":{"rendered":"SUNSET RUSH PANTS"},"content":{"rendered":"","protected":false},"excerpt":{"rendered":"<p>Step into effortless fabulousness with our Sunset Rush Pants. En un color gris tornasol, estos pants son perfectos para quienes saben c\u00f3mo balancear sofisticaci\u00f3n &amp; coolness. The highlight? Un sparkle effect que transforma estos pants en una pieza esencial que le dar\u00e1 a tu day by day outfit a touch of boldness and audacity. Don&#8217;t be afraid to mix &amp; match con tus all time favorites.<\/p>\n<p>Confeccionados con precisi\u00f3n y atenci\u00f3n al detalle, nuestros middle-low waisted &amp; balloon fit pants tienen la horma perfecta para verte chill &amp; classy at the same time.<\/p>","protected":false},"featured_media":3709,"comment_status":"open","ping_status":"closed","template":"","meta":[],"product_brand":[],"product_cat":[53],"product_tag":[],"class_list":{"0":"post-1268","1":"product","2":"type-product","3":"status-publish","4":"has-post-thumbnail","6":"product_cat-bottoms","8":"first","9":"instock","10":"shipping-taxable","11":"purchasable","12":"product-type-variable"},"_links":{"self":[{"href":"https:\/\/casaouart.com\/en\/wp-json\/wp\/v2\/product\/1268","targetHints":{"allow":["GET"]}}],"collection":[{"href":"https:\/\/casaouart.com\/en\/wp-json\/wp\/v2\/product"}],"about":[{"href":"https:\/\/casaouart.com\/en\/wp-json\/wp\/v2\/types\/product"}],"replies":[{"embeddable":true,"href":"https:\/\/casaouart.com\/en\/wp-json\/wp\/v2\/comments?post=1268"}],"wp:featuredmedia":[{"embeddable":true,"href":"https:\/\/casaouart.com\/en\/wp-json\/wp\/v2\/media\/3709"}],"wp:attachment":[{"href":"https:\/\/casaouart.com\/en\/wp-json\/wp\/v2\/media?parent=1268"}],"wp:term":[{"taxonomy":"product_brand","embeddable":true,"href":"https:\/\/casaouart.com\/en\/wp-json\/wp\/v2\/product_brand?post=1268"},{"taxonomy":"product_cat","embeddable":true,"href":"https:\/\/casaouart.com\/en\/wp-json\/wp\/v2\/product_cat?post=1268"},{"taxonomy":"product_tag","embeddable":true,"href":"https:\/\/casaouart.com\/en\/wp-json\/wp\/v2\/product_tag?post=1268"}],"curies":[{"name":"wp","href":"https:\/\/api.w.org\/{rel}","templated":true}]}}