{"id":1273,"date":"2025-11-27T02:16:27","date_gmt":"2025-11-27T02:16:27","guid":{"rendered":"https:\/\/casaouart.com\/product\/ego-boost-pants\/"},"modified":"2026-01-27T01:56:23","modified_gmt":"2026-01-27T01:56:23","slug":"ego-boost-pants","status":"publish","type":"product","link":"https:\/\/casaouart.com\/en\/product\/ego-boost-pants\/","title":{"rendered":"EGO BOOST PANTS"},"content":{"rendered":"","protected":false},"excerpt":{"rendered":"<p>These copper crocodile faux leather pants are all about style and attitude. Estos no son solo pants, son una declaraci\u00f3n de essspectacularidad, confeccionados con precisi\u00f3n y atenci\u00f3n al detalle, nuestros Ego Boost Pants ofrecen una combinaci\u00f3n perfecta de boldness &amp; audacity. Middle low waisted for that extra coolness and a balloon fit that is just right. Son un statement piece esencial para que puedas uplift tus daily outfits, as\u00ed que don&#8217;t be afraid to mix &amp; match con tus all time favorites.<\/p>","protected":false},"featured_media":3700,"comment_status":"open","ping_status":"closed","template":"","meta":[],"product_brand":[],"product_cat":[53],"product_tag":[],"class_list":{"0":"post-1273","1":"product","2":"type-product","3":"status-publish","4":"has-post-thumbnail","6":"product_cat-bottoms","8":"first","9":"instock","10":"shipping-taxable","11":"purchasable","12":"product-type-variable"},"_links":{"self":[{"href":"https:\/\/casaouart.com\/en\/wp-json\/wp\/v2\/product\/1273","targetHints":{"allow":["GET"]}}],"collection":[{"href":"https:\/\/casaouart.com\/en\/wp-json\/wp\/v2\/product"}],"about":[{"href":"https:\/\/casaouart.com\/en\/wp-json\/wp\/v2\/types\/product"}],"replies":[{"embeddable":true,"href":"https:\/\/casaouart.com\/en\/wp-json\/wp\/v2\/comments?post=1273"}],"wp:featuredmedia":[{"embeddable":true,"href":"https:\/\/casaouart.com\/en\/wp-json\/wp\/v2\/media\/3700"}],"wp:attachment":[{"href":"https:\/\/casaouart.com\/en\/wp-json\/wp\/v2\/media?parent=1273"}],"wp:term":[{"taxonomy":"product_brand","embeddable":true,"href":"https:\/\/casaouart.com\/en\/wp-json\/wp\/v2\/product_brand?post=1273"},{"taxonomy":"product_cat","embeddable":true,"href":"https:\/\/casaouart.com\/en\/wp-json\/wp\/v2\/product_cat?post=1273"},{"taxonomy":"product_tag","embeddable":true,"href":"https:\/\/casaouart.com\/en\/wp-json\/wp\/v2\/product_tag?post=1273"}],"curies":[{"name":"wp","href":"https:\/\/api.w.org\/{rel}","templated":true}]}}