{"id":1277,"date":"2025-11-27T02:16:28","date_gmt":"2025-11-27T02:16:28","guid":{"rendered":"https:\/\/casaouart.com\/product\/milkshake-overdose-trench-coat\/"},"modified":"2026-02-24T17:16:00","modified_gmt":"2026-02-24T17:16:00","slug":"milkshake-overdose-trench-coat","status":"publish","type":"product","link":"https:\/\/casaouart.com\/en\/product\/milkshake-overdose-trench-coat\/","title":{"rendered":"MILKSHAKE OVERDOSE TRENCH COAT"},"content":{"rendered":"","protected":false},"excerpt":{"rendered":"<p>Why having a regular look, cuando puedes elevarlo al 100 con nuestro Milkshake Overdose TrenchCoat? Get ready para darle ese twist wow que tu outfit necesita; \u00dasalo para un brunch con tus friends o un date night, you&#8217;ll always look amazingly cool. Su tela super suave en tonos grises y print de vaca, hace de esta prenda un statement piece b\u00e1sico de armario, complementa perfecto tus jeans, vestidos o faldas. Mix &amp; match it with your all time favorites or perfect to pair with our Milkshake Overdose sKirt.<\/p>\n<p>Confeccionada con precisi\u00f3n y atenci\u00f3n al detalle, nuestro Milkshake Overdose TrenchCoat tiene el fit y estampado perfecto para darle un toque m\u00e1s chill &amp; classy a tus outfits.<\/p>","protected":false},"featured_media":3715,"comment_status":"open","ping_status":"closed","template":"","meta":[],"product_brand":[],"product_cat":[51],"product_tag":[],"class_list":{"0":"post-1277","1":"product","2":"type-product","3":"status-publish","4":"has-post-thumbnail","6":"product_cat-tops","8":"first","9":"instock","10":"shipping-taxable","11":"purchasable","12":"product-type-simple"},"_links":{"self":[{"href":"https:\/\/casaouart.com\/en\/wp-json\/wp\/v2\/product\/1277","targetHints":{"allow":["GET"]}}],"collection":[{"href":"https:\/\/casaouart.com\/en\/wp-json\/wp\/v2\/product"}],"about":[{"href":"https:\/\/casaouart.com\/en\/wp-json\/wp\/v2\/types\/product"}],"replies":[{"embeddable":true,"href":"https:\/\/casaouart.com\/en\/wp-json\/wp\/v2\/comments?post=1277"}],"wp:featuredmedia":[{"embeddable":true,"href":"https:\/\/casaouart.com\/en\/wp-json\/wp\/v2\/media\/3715"}],"wp:attachment":[{"href":"https:\/\/casaouart.com\/en\/wp-json\/wp\/v2\/media?parent=1277"}],"wp:term":[{"taxonomy":"product_brand","embeddable":true,"href":"https:\/\/casaouart.com\/en\/wp-json\/wp\/v2\/product_brand?post=1277"},{"taxonomy":"product_cat","embeddable":true,"href":"https:\/\/casaouart.com\/en\/wp-json\/wp\/v2\/product_cat?post=1277"},{"taxonomy":"product_tag","embeddable":true,"href":"https:\/\/casaouart.com\/en\/wp-json\/wp\/v2\/product_tag?post=1277"}],"curies":[{"name":"wp","href":"https:\/\/api.w.org\/{rel}","templated":true}]}}