{"id":1278,"date":"2025-11-27T02:16:28","date_gmt":"2025-11-27T02:16:28","guid":{"rendered":"https:\/\/casaouart.com\/product\/rule-breaker-jacket\/"},"modified":"2026-01-27T01:54:12","modified_gmt":"2026-01-27T01:54:12","slug":"rule-breaker-jacket","status":"publish","type":"product","link":"https:\/\/casaouart.com\/en\/product\/rule-breaker-jacket\/","title":{"rendered":"RULE BREAKER JACKET"},"content":{"rendered":"","protected":false},"excerpt":{"rendered":"<p>Get ready to spark some looks con nuestra Rule Breaker Jacket. Confeccionada con precisi\u00f3n y atenci\u00f3n al detalle, est\u00e1 jacket tiene el equilibrio perfecto entre spiciness y sofisticaci\u00f3n thanks to its wow effect que se compone de una abertura en la manga con shiny crystals. Est\u00e1 jacket es una prenda demasiado top y la m\u00e1s protagonista of all times. Un statement piece b\u00e1sico de armario, para que puedas uplift tus daily outfits, as\u00ed que don&#8217;t be afraid to mix &amp; match con tus all time favorites or perfect to pair with our Rule Breaker Pants for a full amazing set.<\/p>","protected":false},"featured_media":3732,"comment_status":"open","ping_status":"closed","template":"","meta":[],"product_brand":[],"product_cat":[269],"product_tag":[],"class_list":{"0":"post-1278","1":"product","2":"type-product","3":"status-publish","4":"has-post-thumbnail","6":"product_cat-chaquetas","8":"first","9":"instock","10":"shipping-taxable","11":"purchasable","12":"product-type-simple"},"_links":{"self":[{"href":"https:\/\/casaouart.com\/en\/wp-json\/wp\/v2\/product\/1278","targetHints":{"allow":["GET"]}}],"collection":[{"href":"https:\/\/casaouart.com\/en\/wp-json\/wp\/v2\/product"}],"about":[{"href":"https:\/\/casaouart.com\/en\/wp-json\/wp\/v2\/types\/product"}],"replies":[{"embeddable":true,"href":"https:\/\/casaouart.com\/en\/wp-json\/wp\/v2\/comments?post=1278"}],"wp:featuredmedia":[{"embeddable":true,"href":"https:\/\/casaouart.com\/en\/wp-json\/wp\/v2\/media\/3732"}],"wp:attachment":[{"href":"https:\/\/casaouart.com\/en\/wp-json\/wp\/v2\/media?parent=1278"}],"wp:term":[{"taxonomy":"product_brand","embeddable":true,"href":"https:\/\/casaouart.com\/en\/wp-json\/wp\/v2\/product_brand?post=1278"},{"taxonomy":"product_cat","embeddable":true,"href":"https:\/\/casaouart.com\/en\/wp-json\/wp\/v2\/product_cat?post=1278"},{"taxonomy":"product_tag","embeddable":true,"href":"https:\/\/casaouart.com\/en\/wp-json\/wp\/v2\/product_tag?post=1278"}],"curies":[{"name":"wp","href":"https:\/\/api.w.org\/{rel}","templated":true}]}}