{"id":1280,"date":"2025-11-27T02:35:45","date_gmt":"2025-11-27T02:35:45","guid":{"rendered":"https:\/\/casaouart.com\/product\/ivory-glow-jacket-2\/"},"modified":"2026-01-27T01:54:13","modified_gmt":"2026-01-27T01:54:13","slug":"ivory-glow-jacket","status":"publish","type":"product","link":"https:\/\/casaouart.com\/en\/product\/ivory-glow-jacket\/","title":{"rendered":"IVORY GLOW JACKET"},"content":{"rendered":"","protected":false},"excerpt":{"rendered":"<p>Our creamy-colored faux leather jacket con costuras en contraste color chocolate is all about style and attitude. Elevate your look with coolness &amp; edgy sophistication with your new favorite biker jacket. No es solo una jacket, es una declaraci\u00f3n de essspectacularidad, confeccionada con precisi\u00f3n y atenci\u00f3n al detalle this new essential te har\u00e1 sentir demasiado cool. As\u00ed que don&#8217;t be afraid to mix &amp; match con tus all time favorites or our Ivory Glow Pants.<\/p>","protected":false},"featured_media":3709,"comment_status":"open","ping_status":"closed","template":"","meta":[],"product_brand":[],"product_cat":[269],"product_tag":[],"class_list":{"0":"post-1280","1":"product","2":"type-product","3":"status-publish","4":"has-post-thumbnail","6":"product_cat-chaquetas","8":"first","9":"instock","10":"shipping-taxable","11":"purchasable","12":"product-type-simple"},"_links":{"self":[{"href":"https:\/\/casaouart.com\/en\/wp-json\/wp\/v2\/product\/1280","targetHints":{"allow":["GET"]}}],"collection":[{"href":"https:\/\/casaouart.com\/en\/wp-json\/wp\/v2\/product"}],"about":[{"href":"https:\/\/casaouart.com\/en\/wp-json\/wp\/v2\/types\/product"}],"replies":[{"embeddable":true,"href":"https:\/\/casaouart.com\/en\/wp-json\/wp\/v2\/comments?post=1280"}],"wp:featuredmedia":[{"embeddable":true,"href":"https:\/\/casaouart.com\/en\/wp-json\/wp\/v2\/media\/3709"}],"wp:attachment":[{"href":"https:\/\/casaouart.com\/en\/wp-json\/wp\/v2\/media?parent=1280"}],"wp:term":[{"taxonomy":"product_brand","embeddable":true,"href":"https:\/\/casaouart.com\/en\/wp-json\/wp\/v2\/product_brand?post=1280"},{"taxonomy":"product_cat","embeddable":true,"href":"https:\/\/casaouart.com\/en\/wp-json\/wp\/v2\/product_cat?post=1280"},{"taxonomy":"product_tag","embeddable":true,"href":"https:\/\/casaouart.com\/en\/wp-json\/wp\/v2\/product_tag?post=1280"}],"curies":[{"name":"wp","href":"https:\/\/api.w.org\/{rel}","templated":true}]}}