{"id":1284,"date":"2025-11-27T02:35:46","date_gmt":"2025-11-27T02:35:46","guid":{"rendered":"https:\/\/casaouart.com\/product\/interlude-trench\/"},"modified":"2026-01-27T01:54:15","modified_gmt":"2026-01-27T01:54:15","slug":"interlude-trench","status":"publish","type":"product","link":"https:\/\/casaouart.com\/en\/product\/interlude-trench\/","title":{"rendered":"INTERLUDE TRENCH"},"content":{"rendered":"","protected":false},"excerpt":{"rendered":"<p>Meet the runway ICON, un statement piece confeccionado en ivory faux leather con una silueta cl\u00e1sica, sharp y edgy que grita BOSS ENERGY honeeey. No es solo un trench, it\u2019s a whole mood. Edici\u00f3n limitada, nuestro Interlude Trench es un collector &#8216;s item, dise\u00f1ado para ser el unique centerpiece de tu closet.<\/p>\n<p>Este statement piece est\u00e1 confeccionado con precisi\u00f3n y ese Ouzzo twist que lo hace \u00fanico, permitiendo elevar tus looks as never before. Sooo, don\u2019t be afraid to mix &amp; match con tus all time favorites.<\/p>","protected":false},"featured_media":3707,"comment_status":"open","ping_status":"closed","template":"","meta":[],"product_brand":[],"product_cat":[269],"product_tag":[],"class_list":{"0":"post-1284","1":"product","2":"type-product","3":"status-publish","4":"has-post-thumbnail","6":"product_cat-chaquetas","8":"first","9":"instock","10":"shipping-taxable","11":"purchasable","12":"product-type-simple"},"_links":{"self":[{"href":"https:\/\/casaouart.com\/en\/wp-json\/wp\/v2\/product\/1284","targetHints":{"allow":["GET"]}}],"collection":[{"href":"https:\/\/casaouart.com\/en\/wp-json\/wp\/v2\/product"}],"about":[{"href":"https:\/\/casaouart.com\/en\/wp-json\/wp\/v2\/types\/product"}],"replies":[{"embeddable":true,"href":"https:\/\/casaouart.com\/en\/wp-json\/wp\/v2\/comments?post=1284"}],"wp:featuredmedia":[{"embeddable":true,"href":"https:\/\/casaouart.com\/en\/wp-json\/wp\/v2\/media\/3707"}],"wp:attachment":[{"href":"https:\/\/casaouart.com\/en\/wp-json\/wp\/v2\/media?parent=1284"}],"wp:term":[{"taxonomy":"product_brand","embeddable":true,"href":"https:\/\/casaouart.com\/en\/wp-json\/wp\/v2\/product_brand?post=1284"},{"taxonomy":"product_cat","embeddable":true,"href":"https:\/\/casaouart.com\/en\/wp-json\/wp\/v2\/product_cat?post=1284"},{"taxonomy":"product_tag","embeddable":true,"href":"https:\/\/casaouart.com\/en\/wp-json\/wp\/v2\/product_tag?post=1284"}],"curies":[{"name":"wp","href":"https:\/\/api.w.org\/{rel}","templated":true}]}}