{"id":1286,"date":"2025-11-27T02:35:47","date_gmt":"2025-11-27T02:35:47","guid":{"rendered":"https:\/\/casaouart.com\/product\/sincronia-jacket\/"},"modified":"2026-01-27T01:54:16","modified_gmt":"2026-01-27T01:54:16","slug":"sincronia-jacket","status":"publish","type":"product","link":"https:\/\/casaouart.com\/en\/product\/sincronia-jacket\/","title":{"rendered":"SINCRON\u00cdA JACKET"},"content":{"rendered":"","protected":false},"excerpt":{"rendered":"<p>Meet our Sincron\u00eda Jacket, la pieza que redefine tu cl\u00e1sica chaqueta de denim. Confeccionada en nuestro ic\u00f3nico azul cl\u00e1sico, sus mangas tipo globo a\u00f1aden volumen y drama, mientras que su corte ajustable a la cintura crea una silueta ultra femenina y powerfull honeeey.<\/p>\n<p>Es perfecta para combinar con los Sincron\u00eda Pants, yessss we know, a match made in heaven. Este statement piece est\u00e1 confeccionado con precisi\u00f3n y ese Ouzzo twist que los hace \u00fanicos, permitiendo elevar tus looks as never before. Sooo, don\u2019t be afraid to mix &amp; match con tus all time favorites.<\/p>\n<p>Confeccionada con precisi\u00f3n y ese Ouzzo twist que la hace \u00fanica. Un statement piece que te permite elevar tus looks de d\u00eda o noche so, don\u2019t be afraid to mix &amp; match con tus all time favorites.<\/p>","protected":false},"featured_media":3736,"comment_status":"open","ping_status":"closed","template":"","meta":[],"product_brand":[],"product_cat":[51],"product_tag":[],"class_list":{"0":"post-1286","1":"product","2":"type-product","3":"status-publish","4":"has-post-thumbnail","6":"product_cat-tops","8":"first","9":"instock","10":"shipping-taxable","11":"purchasable","12":"product-type-simple"},"_links":{"self":[{"href":"https:\/\/casaouart.com\/en\/wp-json\/wp\/v2\/product\/1286","targetHints":{"allow":["GET"]}}],"collection":[{"href":"https:\/\/casaouart.com\/en\/wp-json\/wp\/v2\/product"}],"about":[{"href":"https:\/\/casaouart.com\/en\/wp-json\/wp\/v2\/types\/product"}],"replies":[{"embeddable":true,"href":"https:\/\/casaouart.com\/en\/wp-json\/wp\/v2\/comments?post=1286"}],"wp:featuredmedia":[{"embeddable":true,"href":"https:\/\/casaouart.com\/en\/wp-json\/wp\/v2\/media\/3736"}],"wp:attachment":[{"href":"https:\/\/casaouart.com\/en\/wp-json\/wp\/v2\/media?parent=1286"}],"wp:term":[{"taxonomy":"product_brand","embeddable":true,"href":"https:\/\/casaouart.com\/en\/wp-json\/wp\/v2\/product_brand?post=1286"},{"taxonomy":"product_cat","embeddable":true,"href":"https:\/\/casaouart.com\/en\/wp-json\/wp\/v2\/product_cat?post=1286"},{"taxonomy":"product_tag","embeddable":true,"href":"https:\/\/casaouart.com\/en\/wp-json\/wp\/v2\/product_tag?post=1286"}],"curies":[{"name":"wp","href":"https:\/\/api.w.org\/{rel}","templated":true}]}}