{"id":1287,"date":"2025-11-27T02:35:47","date_gmt":"2025-11-27T02:35:47","guid":{"rendered":"https:\/\/casaouart.com\/product\/sincronia-pants\/"},"modified":"2026-01-27T01:56:30","modified_gmt":"2026-01-27T01:56:30","slug":"sincronia-pants","status":"publish","type":"product","link":"https:\/\/casaouart.com\/en\/product\/sincronia-pants\/","title":{"rendered":"SINCRON\u00cdA PANTS"},"content":{"rendered":"","protected":false},"excerpt":{"rendered":"<p>Nuestra versi\u00f3n de un cl\u00e1sico elevado, en denim azul con ese twist que los hace anything but basic. Su fit mid waist con ca\u00edda straight, pretina de lado y bota en rev\u00e9s hace que nuestros Sincron\u00eda Pants sean la combinaci\u00f3n perfecta entre versatilidad &amp; coolness. Tu nuevo y favorito blue classic est\u00e1 listo para ser tu go-to de todos los d\u00edas.<\/p>\n<p>Este statement piece clasico est\u00e1 confeccionado con precisi\u00f3n y ese Ouzzo twist que los hace \u00fanicos, permitiendote elevar tus looks as never before. Sooo, don\u2019t be afraid to mix &amp; match con tus all time favorites.<\/p>\n<p>La modelo mide 1.80cm y est\u00e1 usando nuestros pants en talla 36\/S. Si te gusta usarlo tiro medio te recomendamos comprar la talla que se ajuste a tus medidas, pero si te gustan los pants un poco low rise te recomendamos pedir una o dos tallas m\u00e1s. Recuerda revisar nuestra gu\u00eda de tallas, porque cada referencia tiene su propia personalidad y fit.<\/p>","protected":false},"featured_media":3738,"comment_status":"open","ping_status":"closed","template":"","meta":[],"product_brand":[],"product_cat":[53],"product_tag":[],"class_list":{"0":"post-1287","1":"product","2":"type-product","3":"status-publish","4":"has-post-thumbnail","6":"product_cat-bottoms","8":"first","9":"instock","10":"shipping-taxable","11":"purchasable","12":"product-type-variable"},"_links":{"self":[{"href":"https:\/\/casaouart.com\/en\/wp-json\/wp\/v2\/product\/1287","targetHints":{"allow":["GET"]}}],"collection":[{"href":"https:\/\/casaouart.com\/en\/wp-json\/wp\/v2\/product"}],"about":[{"href":"https:\/\/casaouart.com\/en\/wp-json\/wp\/v2\/types\/product"}],"replies":[{"embeddable":true,"href":"https:\/\/casaouart.com\/en\/wp-json\/wp\/v2\/comments?post=1287"}],"wp:featuredmedia":[{"embeddable":true,"href":"https:\/\/casaouart.com\/en\/wp-json\/wp\/v2\/media\/3738"}],"wp:attachment":[{"href":"https:\/\/casaouart.com\/en\/wp-json\/wp\/v2\/media?parent=1287"}],"wp:term":[{"taxonomy":"product_brand","embeddable":true,"href":"https:\/\/casaouart.com\/en\/wp-json\/wp\/v2\/product_brand?post=1287"},{"taxonomy":"product_cat","embeddable":true,"href":"https:\/\/casaouart.com\/en\/wp-json\/wp\/v2\/product_cat?post=1287"},{"taxonomy":"product_tag","embeddable":true,"href":"https:\/\/casaouart.com\/en\/wp-json\/wp\/v2\/product_tag?post=1287"}],"curies":[{"name":"wp","href":"https:\/\/api.w.org\/{rel}","templated":true}]}}