{"id":1288,"date":"2025-11-27T02:35:47","date_gmt":"2025-11-27T02:35:47","guid":{"rendered":"https:\/\/casaouart.com\/product\/no-rush-bermuda\/"},"modified":"2026-01-27T01:56:29","modified_gmt":"2026-01-27T01:56:29","slug":"no-rush-bermuda","status":"publish","type":"product","link":"https:\/\/casaouart.com\/en\/product\/no-rush-bermuda\/","title":{"rendered":"NO RUSH BERMUDA"},"content":{"rendered":"","protected":false},"excerpt":{"rendered":"<p>Bermudas yes, but make it couture. La combinaci\u00f3n perfecta entre lo cl\u00e1sico del denim with a twist como tanto nos gusta. Su fit mid waist con ca\u00edda wide crea una silueta effortless y vers\u00e1til, mientras las costuras en la bota le dan ese detalle inesperado y cool. Fabulous and comfy para sustituir los dad shorts de siempre, se convertir\u00e1n en tu closet musttttt para esta temporada.<\/p>\n<p>Este statement piece est\u00e1 confeccionado con precisi\u00f3n y ese Ouzzo twist que los hace \u00fanicos, permitiendo elevar tus looks as never before. Sooo, don\u2019t be afraid to mix &amp; match con tus all time favorites.<\/p>\n<p>La modelo mide 1.80cm y est\u00e1 usando nuestros pants en talla 36\/S. Si te gusta usarlo tiro medio te recomendamos comprar la talla que se ajuste a tus medidas, pero si te gustan los pants un poco low rise te recomendamos pedir una o dos tallas m\u00e1s. Recuerda revisar nuestra gu\u00eda de tallas, porque cada referencia tiene su propia personalidad y fit.<\/p>","protected":false},"featured_media":3722,"comment_status":"open","ping_status":"closed","template":"","meta":[],"product_brand":[],"product_cat":[53],"product_tag":[],"class_list":{"0":"post-1288","1":"product","2":"type-product","3":"status-publish","4":"has-post-thumbnail","6":"product_cat-bottoms","8":"first","9":"instock","10":"shipping-taxable","11":"purchasable","12":"product-type-variable"},"_links":{"self":[{"href":"https:\/\/casaouart.com\/en\/wp-json\/wp\/v2\/product\/1288","targetHints":{"allow":["GET"]}}],"collection":[{"href":"https:\/\/casaouart.com\/en\/wp-json\/wp\/v2\/product"}],"about":[{"href":"https:\/\/casaouart.com\/en\/wp-json\/wp\/v2\/types\/product"}],"replies":[{"embeddable":true,"href":"https:\/\/casaouart.com\/en\/wp-json\/wp\/v2\/comments?post=1288"}],"wp:featuredmedia":[{"embeddable":true,"href":"https:\/\/casaouart.com\/en\/wp-json\/wp\/v2\/media\/3722"}],"wp:attachment":[{"href":"https:\/\/casaouart.com\/en\/wp-json\/wp\/v2\/media?parent=1288"}],"wp:term":[{"taxonomy":"product_brand","embeddable":true,"href":"https:\/\/casaouart.com\/en\/wp-json\/wp\/v2\/product_brand?post=1288"},{"taxonomy":"product_cat","embeddable":true,"href":"https:\/\/casaouart.com\/en\/wp-json\/wp\/v2\/product_cat?post=1288"},{"taxonomy":"product_tag","embeddable":true,"href":"https:\/\/casaouart.com\/en\/wp-json\/wp\/v2\/product_tag?post=1288"}],"curies":[{"name":"wp","href":"https:\/\/api.w.org\/{rel}","templated":true}]}}