{"id":1289,"date":"2025-11-27T02:35:48","date_gmt":"2025-11-27T02:35:48","guid":{"rendered":"https:\/\/casaouart.com\/product\/strapless-martini\/"},"modified":"2026-01-27T01:56:32","modified_gmt":"2026-01-27T01:56:32","slug":"strapless-martini","status":"publish","type":"product","link":"https:\/\/casaouart.com\/en\/product\/strapless-martini\/","title":{"rendered":"STRAPLESS MARTINI"},"content":{"rendered":"","protected":false},"excerpt":{"rendered":"<p>One sip, endless drama. En color rich coffee su tela suave pero estructurada crea un strapless impecable. Con un drapeado en la cintura y una ca\u00edda asim\u00e9trica en la punta este straple se convierte en tu b\u00e1sico infaltable.<\/p>\n<p>Este statement piece est\u00e1 confeccionado con precisi\u00f3n y ese Ouzzo twist que lo hace \u00fanico, permitiendo elevar tus looks as never before. Sooo, don\u2019t be afraid to mix &amp; match con tus all time favorites.<\/p>\n<p>La modelo mide 1.80cm y est\u00e1 usando nuestro strapless en talla S. Recuerda revisar nuestra gu\u00eda de tallas, porque cada referencia tiene su propia personalidad y fit.<\/p>","protected":false},"featured_media":3724,"comment_status":"open","ping_status":"closed","template":"","meta":[],"product_brand":[],"product_cat":[51],"product_tag":[],"class_list":{"0":"post-1289","1":"product","2":"type-product","3":"status-publish","4":"has-post-thumbnail","6":"product_cat-tops","8":"first","9":"instock","10":"shipping-taxable","11":"purchasable","12":"product-type-variable"},"_links":{"self":[{"href":"https:\/\/casaouart.com\/en\/wp-json\/wp\/v2\/product\/1289","targetHints":{"allow":["GET"]}}],"collection":[{"href":"https:\/\/casaouart.com\/en\/wp-json\/wp\/v2\/product"}],"about":[{"href":"https:\/\/casaouart.com\/en\/wp-json\/wp\/v2\/types\/product"}],"replies":[{"embeddable":true,"href":"https:\/\/casaouart.com\/en\/wp-json\/wp\/v2\/comments?post=1289"}],"wp:featuredmedia":[{"embeddable":true,"href":"https:\/\/casaouart.com\/en\/wp-json\/wp\/v2\/media\/3724"}],"wp:attachment":[{"href":"https:\/\/casaouart.com\/en\/wp-json\/wp\/v2\/media?parent=1289"}],"wp:term":[{"taxonomy":"product_brand","embeddable":true,"href":"https:\/\/casaouart.com\/en\/wp-json\/wp\/v2\/product_brand?post=1289"},{"taxonomy":"product_cat","embeddable":true,"href":"https:\/\/casaouart.com\/en\/wp-json\/wp\/v2\/product_cat?post=1289"},{"taxonomy":"product_tag","embeddable":true,"href":"https:\/\/casaouart.com\/en\/wp-json\/wp\/v2\/product_tag?post=1289"}],"curies":[{"name":"wp","href":"https:\/\/api.w.org\/{rel}","templated":true}]}}