{"id":1290,"date":"2025-11-27T02:35:48","date_gmt":"2025-11-27T02:35:48","guid":{"rendered":"https:\/\/casaouart.com\/product\/olive-twist-pants\/"},"modified":"2026-01-27T01:56:29","modified_gmt":"2026-01-27T01:56:29","slug":"olive-twist-pants","status":"publish","type":"product","link":"https:\/\/casaouart.com\/en\/product\/olive-twist-pants\/","title":{"rendered":"OLIVE TWIST PANTS"},"content":{"rendered":"","protected":false},"excerpt":{"rendered":"<p>Get ready to own every look with our Olive Twist Pants. Su fit mid waist y wide leg crea una silueta effortless y muy cool. En tela de denim velvet desgastada estos pants se convertiran en tus nuevos closet essentials que te ponen en el spotlight honeeeyyyy.<\/p>\n<p>Este statement piece cl\u00e1sico est\u00e1 confeccionado con precisi\u00f3n y ese Ouzzo twist que los hace \u00fanicos, permitiendo elevar tus looks as never before. Sooo, don\u2019t be afraid to mix &amp; match con tus all time favorites.<\/p>\n<p>La modelo mide 1.80cm y est\u00e1 usando nuestros pants en talla 36\/S. Si te gusta usarlo tiro medio te recomendamos comprar la talla que se ajuste a tus medidas, pero si te gustan los pants un poco low rise te recomendamos pedir una o dos tallas m\u00e1s. Recuerda revisar nuestra gu\u00eda de tallas, porque cada referencia tiene su propia personalidad y fit.<\/p>","protected":false},"featured_media":3724,"comment_status":"open","ping_status":"closed","template":"","meta":[],"product_brand":[],"product_cat":[53],"product_tag":[],"class_list":{"0":"post-1290","1":"product","2":"type-product","3":"status-publish","4":"has-post-thumbnail","6":"product_cat-bottoms","8":"first","9":"instock","10":"shipping-taxable","11":"purchasable","12":"product-type-variable"},"_links":{"self":[{"href":"https:\/\/casaouart.com\/en\/wp-json\/wp\/v2\/product\/1290","targetHints":{"allow":["GET"]}}],"collection":[{"href":"https:\/\/casaouart.com\/en\/wp-json\/wp\/v2\/product"}],"about":[{"href":"https:\/\/casaouart.com\/en\/wp-json\/wp\/v2\/types\/product"}],"replies":[{"embeddable":true,"href":"https:\/\/casaouart.com\/en\/wp-json\/wp\/v2\/comments?post=1290"}],"wp:featuredmedia":[{"embeddable":true,"href":"https:\/\/casaouart.com\/en\/wp-json\/wp\/v2\/media\/3724"}],"wp:attachment":[{"href":"https:\/\/casaouart.com\/en\/wp-json\/wp\/v2\/media?parent=1290"}],"wp:term":[{"taxonomy":"product_brand","embeddable":true,"href":"https:\/\/casaouart.com\/en\/wp-json\/wp\/v2\/product_brand?post=1290"},{"taxonomy":"product_cat","embeddable":true,"href":"https:\/\/casaouart.com\/en\/wp-json\/wp\/v2\/product_cat?post=1290"},{"taxonomy":"product_tag","embeddable":true,"href":"https:\/\/casaouart.com\/en\/wp-json\/wp\/v2\/product_tag?post=1290"}],"curies":[{"name":"wp","href":"https:\/\/api.w.org\/{rel}","templated":true}]}}