{"id":1292,"date":"2025-11-27T02:35:49","date_gmt":"2025-11-27T02:35:49","guid":{"rendered":"https:\/\/casaouart.com\/product\/inner-fire-pants\/"},"modified":"2026-03-15T17:13:08","modified_gmt":"2026-03-15T17:13:08","slug":"inner-fire-pants","status":"publish","type":"product","link":"https:\/\/casaouart.com\/en\/product\/inner-fire-pants\/","title":{"rendered":"INNER FIRE PANTS"},"content":{"rendered":"","protected":false},"excerpt":{"rendered":"<p>Estos pants son un true Ouzzo statement. Con nuestra ic\u00f3nica pretina torcida, su mid-low waist &amp; balloon fit crean una silueta effortless, bold, but refined. Nuestro faux leather pants en tono vinotinto, no son solo pants, son una declaraci\u00f3n de essspectacularidad.<\/p>\n<p>Este statement piece est\u00e1 confeccionado con precisi\u00f3n y ese Ouzzo twist que los hace \u00fanicos, permitiendo elevar tus looks as never before. Sooo, don\u2019t be afraid to mix &amp; match con tus all time favorites.<\/p>\n<p>Confeccionados con precisi\u00f3n y ese Ouzzo twist que los hace \u00fanicos. Un statement piece que te permite elevar tus looks de d\u00eda o noche so, don\u2019t be afraid to mix &amp; match con tus all time favorites.<\/p>","protected":false},"featured_media":3691,"comment_status":"open","ping_status":"closed","template":"","meta":[],"product_brand":[],"product_cat":[53],"product_tag":[],"class_list":{"0":"post-1292","1":"product","2":"type-product","3":"status-publish","4":"has-post-thumbnail","6":"product_cat-bottoms","8":"first","9":"instock","10":"shipping-taxable","11":"purchasable","12":"product-type-variable"},"_links":{"self":[{"href":"https:\/\/casaouart.com\/en\/wp-json\/wp\/v2\/product\/1292","targetHints":{"allow":["GET"]}}],"collection":[{"href":"https:\/\/casaouart.com\/en\/wp-json\/wp\/v2\/product"}],"about":[{"href":"https:\/\/casaouart.com\/en\/wp-json\/wp\/v2\/types\/product"}],"replies":[{"embeddable":true,"href":"https:\/\/casaouart.com\/en\/wp-json\/wp\/v2\/comments?post=1292"}],"wp:featuredmedia":[{"embeddable":true,"href":"https:\/\/casaouart.com\/en\/wp-json\/wp\/v2\/media\/3691"}],"wp:attachment":[{"href":"https:\/\/casaouart.com\/en\/wp-json\/wp\/v2\/media?parent=1292"}],"wp:term":[{"taxonomy":"product_brand","embeddable":true,"href":"https:\/\/casaouart.com\/en\/wp-json\/wp\/v2\/product_brand?post=1292"},{"taxonomy":"product_cat","embeddable":true,"href":"https:\/\/casaouart.com\/en\/wp-json\/wp\/v2\/product_cat?post=1292"},{"taxonomy":"product_tag","embeddable":true,"href":"https:\/\/casaouart.com\/en\/wp-json\/wp\/v2\/product_tag?post=1292"}],"curies":[{"name":"wp","href":"https:\/\/api.w.org\/{rel}","templated":true}]}}