{"id":1293,"date":"2025-11-27T02:35:49","date_gmt":"2025-11-27T02:35:49","guid":{"rendered":"https:\/\/casaouart.com\/product\/inner-fire-jacket\/"},"modified":"2026-03-15T17:12:59","modified_gmt":"2026-03-15T17:12:59","slug":"inner-fire-jacket","status":"publish","type":"product","link":"https:\/\/casaouart.com\/en\/product\/inner-fire-jacket\/","title":{"rendered":"INNER FIRE JACKET"},"content":{"rendered":"","protected":false},"excerpt":{"rendered":"<p>Raincoat vibe pero elevada al m\u00e1ximo. Jugando entre lo utilitario y lo sofisticado nuestra Inner Fire Jacket en faux leather color vinotinto es la definici\u00f3n de femenine energy but badass honeeeey.<\/p>\n<p>Esta statement piece est\u00e1 confeccionada con precisi\u00f3n y ese Ouzzo twist que la hace \u00fanica, permitiendo elevar tus looks as never before. Sooo, don\u2019t be afraid to mix &amp; match con tus all time favorites.<\/p>","protected":false},"featured_media":3691,"comment_status":"open","ping_status":"closed","template":"","meta":[],"product_brand":[],"product_cat":[269],"product_tag":[],"class_list":{"0":"post-1293","1":"product","2":"type-product","3":"status-publish","4":"has-post-thumbnail","6":"product_cat-chaquetas","8":"first","9":"instock","10":"shipping-taxable","11":"purchasable","12":"product-type-simple"},"_links":{"self":[{"href":"https:\/\/casaouart.com\/en\/wp-json\/wp\/v2\/product\/1293","targetHints":{"allow":["GET"]}}],"collection":[{"href":"https:\/\/casaouart.com\/en\/wp-json\/wp\/v2\/product"}],"about":[{"href":"https:\/\/casaouart.com\/en\/wp-json\/wp\/v2\/types\/product"}],"replies":[{"embeddable":true,"href":"https:\/\/casaouart.com\/en\/wp-json\/wp\/v2\/comments?post=1293"}],"wp:featuredmedia":[{"embeddable":true,"href":"https:\/\/casaouart.com\/en\/wp-json\/wp\/v2\/media\/3691"}],"wp:attachment":[{"href":"https:\/\/casaouart.com\/en\/wp-json\/wp\/v2\/media?parent=1293"}],"wp:term":[{"taxonomy":"product_brand","embeddable":true,"href":"https:\/\/casaouart.com\/en\/wp-json\/wp\/v2\/product_brand?post=1293"},{"taxonomy":"product_cat","embeddable":true,"href":"https:\/\/casaouart.com\/en\/wp-json\/wp\/v2\/product_cat?post=1293"},{"taxonomy":"product_tag","embeddable":true,"href":"https:\/\/casaouart.com\/en\/wp-json\/wp\/v2\/product_tag?post=1293"}],"curies":[{"name":"wp","href":"https:\/\/api.w.org\/{rel}","templated":true}]}}