{"id":1294,"date":"2025-11-27T02:35:49","date_gmt":"2025-11-27T02:35:49","guid":{"rendered":"https:\/\/casaouart.com\/product\/afterglow-pants\/"},"modified":"2026-01-27T01:56:23","modified_gmt":"2026-01-27T01:56:23","slug":"afterglow-pants","status":"publish","type":"product","link":"https:\/\/casaouart.com\/en\/product\/afterglow-pants\/","title":{"rendered":"AFTERGLOW PANTS"},"content":{"rendered":"","protected":false},"excerpt":{"rendered":"<p>Nuestros Afterglow Pants le dan un twist ultra cool al cl\u00e1sico pantal\u00f3n neutro. Minimal a primera vista, pero con nuestro signature detail en tonos cherry, su mid waist ballon fit crea una silueta effortless y vers\u00e1til que ayuda a elevar tu look a otro nivel. We know less is better perooo, perfection is always made con nuestro spicy Ouzzo touch.<\/p>\n<p>Este statement piece est\u00e1 confeccionado con precisi\u00f3n y ese Ouzzo twist que los hace \u00fanicos, permitiendo elevar tus looks as never before. Sooo, don\u2019t be afraid to mix &amp; match con tus all time favorites.<\/p>","protected":false},"featured_media":3677,"comment_status":"open","ping_status":"closed","template":"","meta":[],"product_brand":[],"product_cat":[53],"product_tag":[],"class_list":{"0":"post-1294","1":"product","2":"type-product","3":"status-publish","4":"has-post-thumbnail","6":"product_cat-bottoms","8":"first","9":"instock","10":"shipping-taxable","11":"purchasable","12":"product-type-variable"},"_links":{"self":[{"href":"https:\/\/casaouart.com\/en\/wp-json\/wp\/v2\/product\/1294","targetHints":{"allow":["GET"]}}],"collection":[{"href":"https:\/\/casaouart.com\/en\/wp-json\/wp\/v2\/product"}],"about":[{"href":"https:\/\/casaouart.com\/en\/wp-json\/wp\/v2\/types\/product"}],"replies":[{"embeddable":true,"href":"https:\/\/casaouart.com\/en\/wp-json\/wp\/v2\/comments?post=1294"}],"wp:featuredmedia":[{"embeddable":true,"href":"https:\/\/casaouart.com\/en\/wp-json\/wp\/v2\/media\/3677"}],"wp:attachment":[{"href":"https:\/\/casaouart.com\/en\/wp-json\/wp\/v2\/media?parent=1294"}],"wp:term":[{"taxonomy":"product_brand","embeddable":true,"href":"https:\/\/casaouart.com\/en\/wp-json\/wp\/v2\/product_brand?post=1294"},{"taxonomy":"product_cat","embeddable":true,"href":"https:\/\/casaouart.com\/en\/wp-json\/wp\/v2\/product_cat?post=1294"},{"taxonomy":"product_tag","embeddable":true,"href":"https:\/\/casaouart.com\/en\/wp-json\/wp\/v2\/product_tag?post=1294"}],"curies":[{"name":"wp","href":"https:\/\/api.w.org\/{rel}","templated":true}]}}