{"id":1298,"date":"2025-11-27T02:35:50","date_gmt":"2025-11-27T02:35:50","guid":{"rendered":"https:\/\/casaouart.com\/product\/spoiled-shirt-in-spice\/"},"modified":"2026-01-27T01:56:31","modified_gmt":"2026-01-27T01:56:31","slug":"spoiled-shirt-in-spice","status":"publish","type":"product","link":"https:\/\/casaouart.com\/en\/product\/spoiled-shirt-in-spice\/","title":{"rendered":"SPOILED SHIRT IN SPICE"},"content":{"rendered":"","protected":false},"excerpt":{"rendered":"<p>Nuestra Spoiled Shirt es la definici\u00f3n de effortless spiciness. Disponible en ocre, esta shirt drapeada de manera ligera logra un look shoulderless, convirti\u00e9ndose en un statement piece classic but spicy y un indispensable para tu closet honeeey.<\/p>\n<p>Este statement piece est\u00e1 confeccionado con precisi\u00f3n y ese Ouzzo twist que lo hace \u00fanico, permitiendo elevar tus looks as never before. Sooo, don\u2019t be afraid to mix &amp; match con tus all time favorites.<\/p>","protected":false},"featured_media":3744,"comment_status":"open","ping_status":"closed","template":"","meta":[],"product_brand":[],"product_cat":[51],"product_tag":[],"class_list":{"0":"post-1298","1":"product","2":"type-product","3":"status-publish","4":"has-post-thumbnail","6":"product_cat-tops","8":"first","9":"instock","10":"shipping-taxable","11":"purchasable","12":"product-type-variable"},"_links":{"self":[{"href":"https:\/\/casaouart.com\/en\/wp-json\/wp\/v2\/product\/1298","targetHints":{"allow":["GET"]}}],"collection":[{"href":"https:\/\/casaouart.com\/en\/wp-json\/wp\/v2\/product"}],"about":[{"href":"https:\/\/casaouart.com\/en\/wp-json\/wp\/v2\/types\/product"}],"replies":[{"embeddable":true,"href":"https:\/\/casaouart.com\/en\/wp-json\/wp\/v2\/comments?post=1298"}],"wp:featuredmedia":[{"embeddable":true,"href":"https:\/\/casaouart.com\/en\/wp-json\/wp\/v2\/media\/3744"}],"wp:attachment":[{"href":"https:\/\/casaouart.com\/en\/wp-json\/wp\/v2\/media?parent=1298"}],"wp:term":[{"taxonomy":"product_brand","embeddable":true,"href":"https:\/\/casaouart.com\/en\/wp-json\/wp\/v2\/product_brand?post=1298"},{"taxonomy":"product_cat","embeddable":true,"href":"https:\/\/casaouart.com\/en\/wp-json\/wp\/v2\/product_cat?post=1298"},{"taxonomy":"product_tag","embeddable":true,"href":"https:\/\/casaouart.com\/en\/wp-json\/wp\/v2\/product_tag?post=1298"}],"curies":[{"name":"wp","href":"https:\/\/api.w.org\/{rel}","templated":true}]}}