{"id":1299,"date":"2025-11-27T02:35:51","date_gmt":"2025-11-27T02:35:51","guid":{"rendered":"https:\/\/casaouart.com\/product\/innerbloom-shirt-in-gray\/"},"modified":"2026-01-27T01:56:27","modified_gmt":"2026-01-27T01:56:27","slug":"innerbloom-shirt-in-gray","status":"publish","type":"product","link":"https:\/\/casaouart.com\/en\/product\/innerbloom-shirt-in-gray\/","title":{"rendered":"INNERBLOOM SHIRT IN GRAY"},"content":{"rendered":"","protected":false},"excerpt":{"rendered":"<p>Just a blossoming exquisite silhouette, nuestra Innerbloom Shirt es minimalismo with Ouzzo\u2019s perfect touch. Disponible en negro, esta shirt de cuello medio alto, drapeado lateral y caida asimetrica se convierte en un basico elevado, especcctacular e indispensable para tu closet honeeey.<\/p>\n<p>Este statement piece est\u00e1 confeccionado con precisi\u00f3n y ese Ouzzo twist que lo hace \u00fanico, permitiendo elevar tus looks as never before. Sooo, don\u2019t be afraid to mix &amp; match con tus all time favorites.<\/p>","protected":false},"featured_media":3693,"comment_status":"open","ping_status":"closed","template":"","meta":[],"product_brand":[],"product_cat":[51],"product_tag":[],"class_list":{"0":"post-1299","1":"product","2":"type-product","3":"status-publish","4":"has-post-thumbnail","6":"product_cat-tops","8":"first","9":"instock","10":"shipping-taxable","11":"purchasable","12":"product-type-variable"},"_links":{"self":[{"href":"https:\/\/casaouart.com\/en\/wp-json\/wp\/v2\/product\/1299","targetHints":{"allow":["GET"]}}],"collection":[{"href":"https:\/\/casaouart.com\/en\/wp-json\/wp\/v2\/product"}],"about":[{"href":"https:\/\/casaouart.com\/en\/wp-json\/wp\/v2\/types\/product"}],"replies":[{"embeddable":true,"href":"https:\/\/casaouart.com\/en\/wp-json\/wp\/v2\/comments?post=1299"}],"wp:featuredmedia":[{"embeddable":true,"href":"https:\/\/casaouart.com\/en\/wp-json\/wp\/v2\/media\/3693"}],"wp:attachment":[{"href":"https:\/\/casaouart.com\/en\/wp-json\/wp\/v2\/media?parent=1299"}],"wp:term":[{"taxonomy":"product_brand","embeddable":true,"href":"https:\/\/casaouart.com\/en\/wp-json\/wp\/v2\/product_brand?post=1299"},{"taxonomy":"product_cat","embeddable":true,"href":"https:\/\/casaouart.com\/en\/wp-json\/wp\/v2\/product_cat?post=1299"},{"taxonomy":"product_tag","embeddable":true,"href":"https:\/\/casaouart.com\/en\/wp-json\/wp\/v2\/product_tag?post=1299"}],"curies":[{"name":"wp","href":"https:\/\/api.w.org\/{rel}","templated":true}]}}