{"id":1307,"date":"2025-11-27T02:35:53","date_gmt":"2025-11-27T02:35:53","guid":{"rendered":"https:\/\/casaouart.com\/product\/cuadro-anomalias\/"},"modified":"2026-01-28T02:20:55","modified_gmt":"2026-01-28T02:20:55","slug":"cuadro-anomalias","status":"publish","type":"product","link":"https:\/\/casaouart.com\/en\/product\/cuadro-anomalias\/","title":{"rendered":"CUADRO ANOMALIAS"},"content":{"rendered":"","protected":false},"excerpt":{"rendered":"<p>Pinto a un solo trazo. La l\u00ednea respira conmigo; invita al parasimp\u00e1tico, baja revoluciones. Integro los errores como parte del camino. Este trazo te invita a volver a ti para volver a nosotros.<\/p>\n<p>\u200b<\/p>\n<p>Este trazo te recuerda volver al coraz\u00f3n y salir un rato de la cabeza: ah\u00ed est\u00e1 la informaci\u00f3n que necesitas para conectar con el \u201ccampo cu\u00e1ntico\u201d \u2014o, dicho simple, con tu intuici\u00f3n profunda cuando el cuerpo est\u00e1 en calma.<\/p>","protected":false},"featured_media":2686,"comment_status":"open","ping_status":"closed","template":"","meta":[],"product_brand":[],"product_cat":[15,255],"product_tag":[],"class_list":{"0":"post-1307","1":"product","2":"type-product","3":"status-publish","4":"has-post-thumbnail","6":"product_cat-arte","7":"product_cat-cuadros","9":"first","10":"instock","11":"shipping-taxable","12":"purchasable","13":"product-type-simple"},"_links":{"self":[{"href":"https:\/\/casaouart.com\/en\/wp-json\/wp\/v2\/product\/1307","targetHints":{"allow":["GET"]}}],"collection":[{"href":"https:\/\/casaouart.com\/en\/wp-json\/wp\/v2\/product"}],"about":[{"href":"https:\/\/casaouart.com\/en\/wp-json\/wp\/v2\/types\/product"}],"replies":[{"embeddable":true,"href":"https:\/\/casaouart.com\/en\/wp-json\/wp\/v2\/comments?post=1307"}],"wp:featuredmedia":[{"embeddable":true,"href":"https:\/\/casaouart.com\/en\/wp-json\/wp\/v2\/media\/2686"}],"wp:attachment":[{"href":"https:\/\/casaouart.com\/en\/wp-json\/wp\/v2\/media?parent=1307"}],"wp:term":[{"taxonomy":"product_brand","embeddable":true,"href":"https:\/\/casaouart.com\/en\/wp-json\/wp\/v2\/product_brand?post=1307"},{"taxonomy":"product_cat","embeddable":true,"href":"https:\/\/casaouart.com\/en\/wp-json\/wp\/v2\/product_cat?post=1307"},{"taxonomy":"product_tag","embeddable":true,"href":"https:\/\/casaouart.com\/en\/wp-json\/wp\/v2\/product_tag?post=1307"}],"curies":[{"name":"wp","href":"https:\/\/api.w.org\/{rel}","templated":true}]}}