{"id":1392,"date":"2025-11-30T02:49:32","date_gmt":"2025-11-30T02:49:32","guid":{"rendered":"https:\/\/casaouart.com\/product\/chaqueta-agattha-dragon\/"},"modified":"2026-01-27T01:57:14","modified_gmt":"2026-01-27T01:57:14","slug":"chaqueta-agattha-dragon","status":"publish","type":"product","link":"https:\/\/casaouart.com\/en\/product\/chaqueta-agattha-dragon\/","title":{"rendered":"CHAQUETA AGATTHA DRAGON"},"content":{"rendered":"","protected":false},"excerpt":{"rendered":"<p>Nuestra chaqueta Agatha es nuestro producto Best Seller! Una chaqueta \u00fanica y diferente de horma oversized. Es perfecta para combinar con jeans o tambi\u00e9n la puedes usar con una pinta un poco m\u00e1s elegante.<\/p>","protected":false},"featured_media":3858,"comment_status":"open","ping_status":"closed","template":"","meta":[],"product_brand":[],"product_cat":[269,45],"product_tag":[],"class_list":{"0":"post-1392","1":"product","2":"type-product","3":"status-publish","4":"has-post-thumbnail","6":"product_cat-chaquetas","7":"product_cat-moda","9":"first","10":"instock","11":"shipping-taxable","12":"purchasable","13":"product-type-variable"},"_links":{"self":[{"href":"https:\/\/casaouart.com\/en\/wp-json\/wp\/v2\/product\/1392","targetHints":{"allow":["GET"]}}],"collection":[{"href":"https:\/\/casaouart.com\/en\/wp-json\/wp\/v2\/product"}],"about":[{"href":"https:\/\/casaouart.com\/en\/wp-json\/wp\/v2\/types\/product"}],"replies":[{"embeddable":true,"href":"https:\/\/casaouart.com\/en\/wp-json\/wp\/v2\/comments?post=1392"}],"wp:featuredmedia":[{"embeddable":true,"href":"https:\/\/casaouart.com\/en\/wp-json\/wp\/v2\/media\/3858"}],"wp:attachment":[{"href":"https:\/\/casaouart.com\/en\/wp-json\/wp\/v2\/media?parent=1392"}],"wp:term":[{"taxonomy":"product_brand","embeddable":true,"href":"https:\/\/casaouart.com\/en\/wp-json\/wp\/v2\/product_brand?post=1392"},{"taxonomy":"product_cat","embeddable":true,"href":"https:\/\/casaouart.com\/en\/wp-json\/wp\/v2\/product_cat?post=1392"},{"taxonomy":"product_tag","embeddable":true,"href":"https:\/\/casaouart.com\/en\/wp-json\/wp\/v2\/product_tag?post=1392"}],"curies":[{"name":"wp","href":"https:\/\/api.w.org\/{rel}","templated":true}]}}