{"id":1398,"date":"2025-11-30T02:49:34","date_gmt":"2025-11-30T02:49:34","guid":{"rendered":"https:\/\/casaouart.com\/product\/pantalon-cayetana-flower-dance\/"},"modified":"2026-01-27T01:57:15","modified_gmt":"2026-01-27T01:57:15","slug":"pantalon-cayetana-flower-dance","status":"publish","type":"product","link":"https:\/\/casaouart.com\/en\/product\/pantalon-cayetana-flower-dance\/","title":{"rendered":"PANTAL\u00d3N CAYETANA FLOWER DANCE"},"content":{"rendered":"","protected":false},"excerpt":{"rendered":"<p>Pantal\u00f3n \u00fanico, din\u00e1mico, c\u00f3modo y vers\u00e1til! Es perfecto para todo tipo de ocasi\u00f3n lo importante es saber jugar con las diferentes combinaciones de zapatos, accesorios y acompa\u00f1amientos. Si quieres pon\u00e9rtelos para el d\u00eda a d\u00eda s\u00f3lo necesitas un par de tenis y una camiseta! Pero si lo quieres para un evento m\u00e1s especial lo combinas con unos buenos tacones y una blusa! Ya disponible!!! Tambi\u00e9n tenemos el Chaleco del print compa\u00f1ero as\u00ed puedes hacer todo el SET.<\/p>","protected":false},"featured_media":3836,"comment_status":"open","ping_status":"closed","template":"","meta":[],"product_brand":[],"product_cat":[53,45],"product_tag":[],"class_list":{"0":"post-1398","1":"product","2":"type-product","3":"status-publish","4":"has-post-thumbnail","6":"product_cat-bottoms","7":"product_cat-moda","9":"first","10":"instock","11":"shipping-taxable","12":"purchasable","13":"product-type-variable"},"_links":{"self":[{"href":"https:\/\/casaouart.com\/en\/wp-json\/wp\/v2\/product\/1398","targetHints":{"allow":["GET"]}}],"collection":[{"href":"https:\/\/casaouart.com\/en\/wp-json\/wp\/v2\/product"}],"about":[{"href":"https:\/\/casaouart.com\/en\/wp-json\/wp\/v2\/types\/product"}],"replies":[{"embeddable":true,"href":"https:\/\/casaouart.com\/en\/wp-json\/wp\/v2\/comments?post=1398"}],"wp:featuredmedia":[{"embeddable":true,"href":"https:\/\/casaouart.com\/en\/wp-json\/wp\/v2\/media\/3836"}],"wp:attachment":[{"href":"https:\/\/casaouart.com\/en\/wp-json\/wp\/v2\/media?parent=1398"}],"wp:term":[{"taxonomy":"product_brand","embeddable":true,"href":"https:\/\/casaouart.com\/en\/wp-json\/wp\/v2\/product_brand?post=1398"},{"taxonomy":"product_cat","embeddable":true,"href":"https:\/\/casaouart.com\/en\/wp-json\/wp\/v2\/product_cat?post=1398"},{"taxonomy":"product_tag","embeddable":true,"href":"https:\/\/casaouart.com\/en\/wp-json\/wp\/v2\/product_tag?post=1398"}],"curies":[{"name":"wp","href":"https:\/\/api.w.org\/{rel}","templated":true}]}}