{"id":2392,"date":"2025-11-27T01:30:46","date_gmt":"2025-11-27T01:30:46","guid":{"rendered":"https:\/\/casaouart.com\/?post_type=product&#038;p=2392"},"modified":"2026-01-28T02:37:04","modified_gmt":"2026-01-28T02:37:04","slug":"la-brume-0001","status":"publish","type":"product","link":"https:\/\/casaouart.com\/en\/product\/la-brume-0001\/","title":{"rendered":"LA-BRUME-0001"},"content":{"rendered":"","protected":false},"excerpt":{"rendered":"<p><span data-sheets-root=\"1\">La brume 0001 captura el exclusivo perfume de Manuela Angel 0001 en una bruma capilar ligera y vegana, dise\u00f1ada para perfumar, nutrir y proteger el pelo sin dejar residuos ni sensaci\u00f3n grasosa. Su f\u00f3rmula clean est\u00e1 enriquecida con prote\u00ednas vegetales de arroz y soya, aloe vera org\u00e1nico y un exclusivo complejo de amino\u00e1cidos, que fortalecen la fibra capilar, hidratan y ayudan a reducir el frizz, mientras acondicionan y suavizan, dej\u00e1ndo el pelo luminoso, renovado y sutilmente perfumado durante todo el d\u00eda. La f\u00f3rmula no grasa es tan ligera que puede ser rociada sobre el pelo como el toque final definitivo. Libre siliconas, alcoholes agresivos y parabenos, es ideal para todo tipo de pelo, \u00dasala cuantas veces quieras. Perfuma sin sobrecargar, Fortalece y nutre la fibra capilar, Hidrata y acondiciona, Controla el frizz.<\/p>\n<p>F\u00f3rmula clean, vegana y libre de residuos pesados.<\/span><\/p>","protected":false},"featured_media":2389,"comment_status":"open","ping_status":"closed","template":"","meta":[],"product_brand":[],"product_cat":[47,258],"product_tag":[],"class_list":{"0":"post-2392","1":"product","2":"type-product","3":"status-publish","4":"has-post-thumbnail","6":"product_cat-belleza","7":"product_cat-cuidado-de-cabello","9":"first","10":"instock","11":"shipping-taxable","12":"purchasable","13":"product-type-simple"},"_links":{"self":[{"href":"https:\/\/casaouart.com\/en\/wp-json\/wp\/v2\/product\/2392","targetHints":{"allow":["GET"]}}],"collection":[{"href":"https:\/\/casaouart.com\/en\/wp-json\/wp\/v2\/product"}],"about":[{"href":"https:\/\/casaouart.com\/en\/wp-json\/wp\/v2\/types\/product"}],"replies":[{"embeddable":true,"href":"https:\/\/casaouart.com\/en\/wp-json\/wp\/v2\/comments?post=2392"}],"wp:featuredmedia":[{"embeddable":true,"href":"https:\/\/casaouart.com\/en\/wp-json\/wp\/v2\/media\/2389"}],"wp:attachment":[{"href":"https:\/\/casaouart.com\/en\/wp-json\/wp\/v2\/media?parent=2392"}],"wp:term":[{"taxonomy":"product_brand","embeddable":true,"href":"https:\/\/casaouart.com\/en\/wp-json\/wp\/v2\/product_brand?post=2392"},{"taxonomy":"product_cat","embeddable":true,"href":"https:\/\/casaouart.com\/en\/wp-json\/wp\/v2\/product_cat?post=2392"},{"taxonomy":"product_tag","embeddable":true,"href":"https:\/\/casaouart.com\/en\/wp-json\/wp\/v2\/product_tag?post=2392"}],"curies":[{"name":"wp","href":"https:\/\/api.w.org\/{rel}","templated":true}]}}