{"id":2615,"date":"2025-12-05T19:52:26","date_gmt":"2025-12-05T19:52:26","guid":{"rendered":"https:\/\/casaouart.com\/?post_type=product&#038;p=2615"},"modified":"2026-01-27T01:56:15","modified_gmt":"2026-01-27T01:56:15","slug":"sandalia-chunky","status":"publish","type":"product","link":"https:\/\/casaouart.com\/en\/product\/sandalia-chunky\/","title":{"rendered":"SANDALIA CHUNKY"},"content":{"rendered":"","protected":false},"excerpt":{"rendered":"<p><span data-sheets-root=\"1\">Chunky NRLZ es ultracool, delicadamente elaborada para cualquier ocasi\u00f3n. Su doble suela personalizada con el logo NRLZ a\u00f1ade un toque de estilo distintivo y moderno, adem\u00e1s de proporcionar un mayor confort. Detalles: Sandalia plana en cuero bovino con suela y straps chunky, doble suela personalizada con el logo NRLZ. Altura de la suela 3 cm<\/p>\n<p>Hecho a mano en Colombia.<\/p>\n<p>Runs small: recomendamos pedir una talla m<\/span><\/p>","protected":false},"featured_media":2606,"comment_status":"open","ping_status":"closed","template":"","meta":[],"product_brand":[],"product_cat":[77],"product_tag":[],"class_list":{"0":"post-2615","1":"product","2":"type-product","3":"status-publish","4":"has-post-thumbnail","6":"product_cat-zapatos","8":"first","9":"instock","10":"shipping-taxable","11":"purchasable","12":"product-type-variable"},"_links":{"self":[{"href":"https:\/\/casaouart.com\/en\/wp-json\/wp\/v2\/product\/2615","targetHints":{"allow":["GET"]}}],"collection":[{"href":"https:\/\/casaouart.com\/en\/wp-json\/wp\/v2\/product"}],"about":[{"href":"https:\/\/casaouart.com\/en\/wp-json\/wp\/v2\/types\/product"}],"replies":[{"embeddable":true,"href":"https:\/\/casaouart.com\/en\/wp-json\/wp\/v2\/comments?post=2615"}],"wp:featuredmedia":[{"embeddable":true,"href":"https:\/\/casaouart.com\/en\/wp-json\/wp\/v2\/media\/2606"}],"wp:attachment":[{"href":"https:\/\/casaouart.com\/en\/wp-json\/wp\/v2\/media?parent=2615"}],"wp:term":[{"taxonomy":"product_brand","embeddable":true,"href":"https:\/\/casaouart.com\/en\/wp-json\/wp\/v2\/product_brand?post=2615"},{"taxonomy":"product_cat","embeddable":true,"href":"https:\/\/casaouart.com\/en\/wp-json\/wp\/v2\/product_cat?post=2615"},{"taxonomy":"product_tag","embeddable":true,"href":"https:\/\/casaouart.com\/en\/wp-json\/wp\/v2\/product_tag?post=2615"}],"curies":[{"name":"wp","href":"https:\/\/api.w.org\/{rel}","templated":true}]}}