{"id":2619,"date":"2025-12-05T19:56:37","date_gmt":"2025-12-05T19:56:37","guid":{"rendered":"https:\/\/casaouart.com\/?post_type=product&#038;p=2619"},"modified":"2026-01-27T01:56:22","modified_gmt":"2026-01-27T01:56:22","slug":"valen-bailarina","status":"publish","type":"product","link":"https:\/\/casaouart.com\/en\/product\/valen-bailarina\/","title":{"rendered":"VALEN BAILARINA"},"content":{"rendered":"","protected":false},"excerpt":{"rendered":"<p><span data-sheets-root=\"1\">Dress season is here! Nuestra Bailarina expresa la feminidad elegante y caracter\u00edstica de NL.Esta bailarina de punta plana redefine la elegancia tradicional con su dise\u00f1o estructurado y elegante. Discreta pero sofisticada, este zapato vers\u00e1til es una pieza de declaraci\u00f3n sutil, ideal para elevar cualquier atuendo del d\u00eda a la noche.<\/p>\n<p>Acabado en cuero bovino<br \/>\nPunta plana y cuadrada<br \/>\nForro de cuero<br \/>\nSuela de cuero personalizada con el logo de Nora Lozza<br \/>\nPeque\u00f1o tac\u00f3n<\/p>\n<p>Hecho a mano en Colombia.<\/span><\/p>","protected":false},"featured_media":2611,"comment_status":"open","ping_status":"closed","template":"","meta":[],"product_brand":[],"product_cat":[77],"product_tag":[],"class_list":{"0":"post-2619","1":"product","2":"type-product","3":"status-publish","4":"has-post-thumbnail","6":"product_cat-zapatos","8":"first","9":"instock","10":"shipping-taxable","11":"purchasable","12":"product-type-variable"},"_links":{"self":[{"href":"https:\/\/casaouart.com\/en\/wp-json\/wp\/v2\/product\/2619","targetHints":{"allow":["GET"]}}],"collection":[{"href":"https:\/\/casaouart.com\/en\/wp-json\/wp\/v2\/product"}],"about":[{"href":"https:\/\/casaouart.com\/en\/wp-json\/wp\/v2\/types\/product"}],"replies":[{"embeddable":true,"href":"https:\/\/casaouart.com\/en\/wp-json\/wp\/v2\/comments?post=2619"}],"wp:featuredmedia":[{"embeddable":true,"href":"https:\/\/casaouart.com\/en\/wp-json\/wp\/v2\/media\/2611"}],"wp:attachment":[{"href":"https:\/\/casaouart.com\/en\/wp-json\/wp\/v2\/media?parent=2619"}],"wp:term":[{"taxonomy":"product_brand","embeddable":true,"href":"https:\/\/casaouart.com\/en\/wp-json\/wp\/v2\/product_brand?post=2619"},{"taxonomy":"product_cat","embeddable":true,"href":"https:\/\/casaouart.com\/en\/wp-json\/wp\/v2\/product_cat?post=2619"},{"taxonomy":"product_tag","embeddable":true,"href":"https:\/\/casaouart.com\/en\/wp-json\/wp\/v2\/product_tag?post=2619"}],"curies":[{"name":"wp","href":"https:\/\/api.w.org\/{rel}","templated":true}]}}