{"id":3487,"date":"2025-11-29T02:01:24","date_gmt":"2025-11-29T02:01:24","guid":{"rendered":"https:\/\/casaouart.com\/?post_type=product&#038;p=3487"},"modified":"2026-01-27T01:57:00","modified_gmt":"2026-01-27T01:57:00","slug":"2008-pant","status":"publish","type":"product","link":"https:\/\/casaouart.com\/en\/product\/2008-pant\/","title":{"rendered":"2008 PANT"},"content":{"rendered":"","protected":false},"excerpt":{"rendered":"<div>Este pantal\u00f3n de corte amplio tiene un dise\u00f1o moderno, ideal para quienes buscan comodidad sin perder estilo. Sus maxi bolsillos crean un look lleno de car\u00e1cter y personalidad.<\/div>\n<div><\/div>\n<div>Con un sistema de tiras en la parte inferior, el pantal\u00f3n puede llevarse suelto para un look relajado o recogido en los tobillos para un estilo m\u00e1s ajustado y estructurado.<\/div>","protected":false},"featured_media":3495,"comment_status":"open","ping_status":"closed","template":"","meta":[],"product_brand":[],"product_cat":[53,45],"product_tag":[],"class_list":{"0":"post-3487","1":"product","2":"type-product","3":"status-publish","4":"has-post-thumbnail","6":"product_cat-bottoms","7":"product_cat-moda","9":"first","10":"instock","11":"shipping-taxable","12":"purchasable","13":"product-type-variable"},"_links":{"self":[{"href":"https:\/\/casaouart.com\/en\/wp-json\/wp\/v2\/product\/3487","targetHints":{"allow":["GET"]}}],"collection":[{"href":"https:\/\/casaouart.com\/en\/wp-json\/wp\/v2\/product"}],"about":[{"href":"https:\/\/casaouart.com\/en\/wp-json\/wp\/v2\/types\/product"}],"replies":[{"embeddable":true,"href":"https:\/\/casaouart.com\/en\/wp-json\/wp\/v2\/comments?post=3487"}],"wp:featuredmedia":[{"embeddable":true,"href":"https:\/\/casaouart.com\/en\/wp-json\/wp\/v2\/media\/3495"}],"wp:attachment":[{"href":"https:\/\/casaouart.com\/en\/wp-json\/wp\/v2\/media?parent=3487"}],"wp:term":[{"taxonomy":"product_brand","embeddable":true,"href":"https:\/\/casaouart.com\/en\/wp-json\/wp\/v2\/product_brand?post=3487"},{"taxonomy":"product_cat","embeddable":true,"href":"https:\/\/casaouart.com\/en\/wp-json\/wp\/v2\/product_cat?post=3487"},{"taxonomy":"product_tag","embeddable":true,"href":"https:\/\/casaouart.com\/en\/wp-json\/wp\/v2\/product_tag?post=3487"}],"curies":[{"name":"wp","href":"https:\/\/api.w.org\/{rel}","templated":true}]}}