{"id":3535,"date":"2025-11-29T02:01:29","date_gmt":"2025-11-29T02:01:29","guid":{"rendered":"https:\/\/casaouart.com\/?post_type=product&#038;p=3535"},"modified":"2026-01-27T01:57:03","modified_gmt":"2026-01-27T01:57:03","slug":"nieve-pant","status":"publish","type":"product","link":"https:\/\/casaouart.com\/en\/product\/nieve-pant\/","title":{"rendered":"NIEVE PANT"},"content":{"rendered":"","protected":false},"excerpt":{"rendered":"<p>Pantal\u00f3n en denim crudo se destaca por su silueta amplia y estructura relajada que aporta comodidad sin perder definici\u00f3n. La costura frontal a la altura de la rodilla a\u00f1ade un detalle t\u00e9cnico que estiliza la pierna y refuerza su car\u00e1cter funcional. Su tono natural y su fit &#8220;burbuja&#8221; convierten en una pieza vers\u00e1til para el d\u00eda a d\u00eda.<\/p>","protected":false},"featured_media":3540,"comment_status":"open","ping_status":"closed","template":"","meta":[],"product_brand":[],"product_cat":[53,45],"product_tag":[],"class_list":{"0":"post-3535","1":"product","2":"type-product","3":"status-publish","4":"has-post-thumbnail","6":"product_cat-bottoms","7":"product_cat-moda","9":"first","10":"instock","11":"shipping-taxable","12":"purchasable","13":"product-type-variable"},"_links":{"self":[{"href":"https:\/\/casaouart.com\/en\/wp-json\/wp\/v2\/product\/3535","targetHints":{"allow":["GET"]}}],"collection":[{"href":"https:\/\/casaouart.com\/en\/wp-json\/wp\/v2\/product"}],"about":[{"href":"https:\/\/casaouart.com\/en\/wp-json\/wp\/v2\/types\/product"}],"replies":[{"embeddable":true,"href":"https:\/\/casaouart.com\/en\/wp-json\/wp\/v2\/comments?post=3535"}],"wp:featuredmedia":[{"embeddable":true,"href":"https:\/\/casaouart.com\/en\/wp-json\/wp\/v2\/media\/3540"}],"wp:attachment":[{"href":"https:\/\/casaouart.com\/en\/wp-json\/wp\/v2\/media?parent=3535"}],"wp:term":[{"taxonomy":"product_brand","embeddable":true,"href":"https:\/\/casaouart.com\/en\/wp-json\/wp\/v2\/product_brand?post=3535"},{"taxonomy":"product_cat","embeddable":true,"href":"https:\/\/casaouart.com\/en\/wp-json\/wp\/v2\/product_cat?post=3535"},{"taxonomy":"product_tag","embeddable":true,"href":"https:\/\/casaouart.com\/en\/wp-json\/wp\/v2\/product_tag?post=3535"}],"curies":[{"name":"wp","href":"https:\/\/api.w.org\/{rel}","templated":true}]}}