{"id":3600,"date":"2025-11-29T02:01:51","date_gmt":"2025-11-29T02:01:51","guid":{"rendered":"https:\/\/casaouart.com\/?post_type=product&#038;p=3600"},"modified":"2026-01-27T01:57:04","modified_gmt":"2026-01-27T01:57:04","slug":"raw-jacket","status":"publish","type":"product","link":"https:\/\/casaouart.com\/en\/product\/raw-jacket\/","title":{"rendered":"RAW JACKET"},"content":{"rendered":"","protected":false},"excerpt":{"rendered":"<p>Una pieza cruda y esencial reinterpretada en denim 100% algod\u00f3n. Su silueta amplia, las costuras expuestas y botones met\u00e1licos construyen un car\u00e1cter aut\u00e9ntico. El detalle distintivo: un capa adicional que a\u00f1ade volumen y textura para un look verdaderamente Raw.<\/p>","protected":false},"featured_media":3604,"comment_status":"open","ping_status":"closed","template":"","meta":[],"product_brand":[],"product_cat":[269,45],"product_tag":[],"class_list":{"0":"post-3600","1":"product","2":"type-product","3":"status-publish","4":"has-post-thumbnail","6":"product_cat-chaquetas","7":"product_cat-moda","9":"first","10":"instock","11":"shipping-taxable","12":"purchasable","13":"product-type-variable"},"_links":{"self":[{"href":"https:\/\/casaouart.com\/en\/wp-json\/wp\/v2\/product\/3600","targetHints":{"allow":["GET"]}}],"collection":[{"href":"https:\/\/casaouart.com\/en\/wp-json\/wp\/v2\/product"}],"about":[{"href":"https:\/\/casaouart.com\/en\/wp-json\/wp\/v2\/types\/product"}],"replies":[{"embeddable":true,"href":"https:\/\/casaouart.com\/en\/wp-json\/wp\/v2\/comments?post=3600"}],"wp:featuredmedia":[{"embeddable":true,"href":"https:\/\/casaouart.com\/en\/wp-json\/wp\/v2\/media\/3604"}],"wp:attachment":[{"href":"https:\/\/casaouart.com\/en\/wp-json\/wp\/v2\/media?parent=3600"}],"wp:term":[{"taxonomy":"product_brand","embeddable":true,"href":"https:\/\/casaouart.com\/en\/wp-json\/wp\/v2\/product_brand?post=3600"},{"taxonomy":"product_cat","embeddable":true,"href":"https:\/\/casaouart.com\/en\/wp-json\/wp\/v2\/product_cat?post=3600"},{"taxonomy":"product_tag","embeddable":true,"href":"https:\/\/casaouart.com\/en\/wp-json\/wp\/v2\/product_tag?post=3600"}],"curies":[{"name":"wp","href":"https:\/\/api.w.org\/{rel}","templated":true}]}}